{"id":13633,"date":"2019-08-29T14:33:40","date_gmt":"2019-08-29T14:33:40","guid":{"rendered":"https:\/\/natajanson.com\/?page_id=13633"},"modified":"2025-08-05T09:23:24","modified_gmt":"2025-08-05T09:23:24","slug":"about-latvian-fashion-brand-designer-natalija-jansone","status":"publish","type":"page","link":"https:\/\/natajanson.com\/lv\/about-latvian-fashion-brand-designer-natalija-jansone\/","title":{"rendered":"Par"},"content":{"rendered":"<p><code><div id=\"cmsmasters_row_7m6x5xjc7a\" class=\"cmsmasters_row cmsmasters_color_scheme_default cmsmasters_row_top_default cmsmasters_row_bot_default cmsmasters_row_boxed\">\n<div class=\"cmsmasters_row_outer_parent\">\n<div class=\"cmsmasters_row_outer\">\n<div class=\"cmsmasters_row_inner\">\n<div class=\"cmsmasters_row_margin\">\n<div class=\"cmsmasters_column one_third\">\n<div class=\"cmsmasters_text\">\n<p><\/code><\/p>\n<p><img decoding=\"async\" loading=\"lazy\" class=\"alignleft wp-image-16648 size-large\" src=\"https:\/\/natajanson.com\/wp-content\/uploads\/2023\/02\/WhatsApp-Image-2023-02-08-at-17.50.41-683x1024.jpeg\" alt=\"Fashion designer Natalija Jansone\" width=\"683\" height=\"1024\" srcset=\"https:\/\/natajanson.com\/wp-content\/uploads\/2023\/02\/WhatsApp-Image-2023-02-08-at-17.50.41-683x1024.jpeg 683w, https:\/\/natajanson.com\/wp-content\/uploads\/2023\/02\/WhatsApp-Image-2023-02-08-at-17.50.41-540x810.jpeg 540w, https:\/\/natajanson.com\/wp-content\/uploads\/2023\/02\/WhatsApp-Image-2023-02-08-at-17.50.41-600x900.jpeg 600w, https:\/\/natajanson.com\/wp-content\/uploads\/2023\/02\/WhatsApp-Image-2023-02-08-at-17.50.41-200x300.jpeg 200w, https:\/\/natajanson.com\/wp-content\/uploads\/2023\/02\/WhatsApp-Image-2023-02-08-at-17.50.41-768x1151.jpeg 768w, https:\/\/natajanson.com\/wp-content\/uploads\/2023\/02\/WhatsApp-Image-2023-02-08-at-17.50.41-1025x1536.jpeg 1025w, https:\/\/natajanson.com\/wp-content\/uploads\/2023\/02\/WhatsApp-Image-2023-02-08-at-17.50.41-580x870.jpeg 580w, https:\/\/natajanson.com\/wp-content\/uploads\/2023\/02\/WhatsApp-Image-2023-02-08-at-17.50.41-860x1289.jpeg 860w, https:\/\/natajanson.com\/wp-content\/uploads\/2023\/02\/WhatsApp-Image-2023-02-08-at-17.50.41-1160x1739.jpeg 1160w, https:\/\/natajanson.com\/wp-content\/uploads\/2023\/02\/WhatsApp-Image-2023-02-08-at-17.50.41-1320x1979.jpeg 1320w, https:\/\/natajanson.com\/wp-content\/uploads\/2023\/02\/WhatsApp-Image-2023-02-08-at-17.50.41.jpeg 1366w\" sizes=\"(max-width: 683px) 100vw, 683px\" \/><\/p>\n<p><code><\/p>\n<\/div>\n<\/div>\n<div class=\"cmsmasters_column two_third\">\n<div class=\"cmsmasters_text\">\n<p><\/code><\/p>\n<div class=\"container page-container\">\n<div class=\"vc_row row\">\n<div class=\"vc_col-sm-9 wpb_column vc_column_container\">\n<div class=\"wpb_wrapper\">\n<div class=\"wpb_text_column wpb_content_element\">\n<div class=\"wpb_wrapper post-formatting\">\n<p data-start=\"135\" data-end=\"546\"><span style=\"color: #000000;\"><strong data-start=\"135\" data-end=\"155\">Natalija Jansone<\/strong> is a renowned Latvian fashion brand designer celebrated for her refined simplicity and signature approach to quiet luxury. Her brand is characterized by clean lines, sophisticated tailoring, and modern silhouettes that blend timeless elegance with a contemporary edge. Each piece she creates is a careful study in restraint and detail, made to be worn not just for a season, but for years to come.<\/span><\/p>\n<p data-start=\"548\" data-end=\"1266\"><span style=\"color: #000000;\">Ar sp\u0113c\u012bgu kl\u0101tb\u016btni Baltijas modes vid\u0113, Natalija daudzk\u0101rt ir piedal\u012bjusies <a style=\"color: #000000;\" href=\"https:\/\/www.rfw.lv\/designer-colection\/natalija-jansone\"><strong data-start=\"644\" data-end=\"665\">Riga Fashion Week<\/strong><\/a>, where her brand <strong><a style=\"color: #000000;\" href=\"https:\/\/natajanson.com\/lv\/collections\/\">kolekcijas<\/a><\/strong> vienm\u0113r sa\u0146em atzin\u012bbu gan no modes profesion\u0101\u013ciem, gan no tiem, kuri nov\u0113rt\u0113 attur\u012bgu eleganci. Vi\u0146as sp\u0113ja rad\u012bt ap\u0123\u0113rbu, kas ir gan valk\u0101jams, gan emocion\u0101li pies\u0101tin\u0101ts, ir iemantojusi vi\u0146ai loj\u0101lu sekot\u0101ju loku. Vi\u0146as studija, kas atrodas pa\u0161\u0101 R\u012bgas sird\u012b, kalpo gan k\u0101 rado\u0161s centrs, gan k\u0101 galam\u0113r\u0137is sieviet\u0113m, kuras mekl\u0113 augstas kvalit\u0101tes, apzin\u0101ti rad\u012btu ap\u0123\u0113rbu. \u0160eit katrs ap\u0123\u0113rba gabals tiek darin\u0101ts no augstv\u0113rt\u012bgiem dab\u012bgiem materi\u0101liem, piem\u0113ram, lina, kokvilnas, viskozes un z\u012bda, uzsverot iztur\u012bbu, komfortu un taust\u0101mu saikni ar \u0137ermeni.<\/span><\/p>\n<p data-start=\"1268\" data-end=\"1537\"><span style=\"color: #000000;\">Natalijas dizaina filozofija ir dzi\u013ci personiska un p\u0101rdom\u0101ta. Vi\u0146a sme\u013cas iedvesmu ikdienas dz\u012bves nians\u0113s un cilv\u0113ka pieredzes daudzveid\u012bb\u0101, ticot, ka modei j\u0101atspogu\u013co un j\u0101respekt\u0113 katra valk\u0101t\u0101ja individualit\u0101te. K\u0101 vi\u0146a pati saka:<\/span><\/p>\n<blockquote data-start=\"1538\" data-end=\"1703\">\n<p data-start=\"1540\" data-end=\"1703\"><span style=\"color: #000000;\">\u201cSo far as I am in love with \u2018Everyday life\u2019 and \u2018The Human Experience,\u2019 I just try to highlight one\u2019s personality and emphasize their dignity through my clothes.\u201d<\/span><\/p>\n<\/blockquote>\n<p data-start=\"1540\" data-end=\"1703\"><span style=\"color: #000000;\">Vi\u0146as rado\u0161\u0101 procesa b\u016btiska iez\u012bme ir dzi\u013ca iesaiste ikvien\u0101 ra\u017eo\u0161anas posm\u0101. S\u0101kot no skic\u0113\u0161anas un audumu izv\u0113les l\u012bdz pat gala pielaiko\u0161anai, Natalija akt\u012bvi piedal\u0101s vis\u0101 proces\u0101, nodro\u0161inot, ka katra deta\u013ca atbilst vi\u0146as izpratnei par eleganci un meistar\u012bbu. \u0160\u0101da pieeja \u013cauj vi\u0146ai saglab\u0101t personisku saikni ar katru ap\u0123\u0113rba gabalu, pie\u0161\u0137irot tam to \u012bpa\u0161o dv\u0113seli, ko var rad\u012bt tikai patiesa m\u0101kslinieciska r\u016bpe. Vi\u0146as ap\u0123\u0113rbi netiek ra\u017eoti masu apjomos \u2014 tie top maz\u0101s, p\u0101rdom\u0101t\u0101s partij\u0101s, kas kolekcij\u0101m pie\u0161\u0137ir tuv\u012bbas un ekskluzivit\u0101tes saj\u016btu.<\/span><\/p>\n<p data-start=\"1705\" data-end=\"2063\" data-is-last-node=\"\" data-is-only-node=\"\"><span style=\"color: #000000;\">From flowing dresses to sharply cut jackets and minimalist blouses, each creation reflects her desire to empower women to feel confident, natural, and authentic. Latvian fashion brand designer <strong>Natalija Jansone<\/strong>\u00a0uztver minim\u0101lismu nevis k\u0101 ierobe\u017eojumu, bet k\u0101 sp\u0113c\u012bgu izteiksmes l\u012bdzekli \u2014 pier\u0101d\u012bjumu tam, ka vienk\u0101r\u0161\u012bba, ja t\u0101 ir rad\u012bta ar nodomu, sp\u0113j daudz pateikt par identit\u0101ti un eleganci.<\/span><\/p>\n<p data-start=\"1705\" data-end=\"2063\" data-is-last-node=\"\" data-is-only-node=\"\"><span style=\"color: #000000;\"><strong>Natalija<\/strong> mentor\u0113 jaunos dizainerus un piedal\u0101s viet\u0113jos rado\u0161ajos konkursos, veicinot Latvijas modes industrijas att\u012bst\u012bbu. Vi\u0146a uzl\u016bko dizainu ne tikai k\u0101 personisk\u0101s izpausmes formu, bet ar\u012b k\u0101 platformu dialogam \u2014 veidu, k\u0101 caur audumu un formu izzin\u0101t identit\u0101ti, kult\u016bru un emocijas.<\/span><\/p>\n<p>&nbsp;<\/p>\n<\/div>\n<\/div>\n<\/div>\n<\/div>\n<\/div>\n<\/div>\n<p><code><\/p>\n<\/div>\n<\/div>\n<\/div>\n<\/div>\n<\/div>\n<\/div>\n<\/div>\n<\/code><\/p>","protected":false},"excerpt":{"rendered":"","protected":false},"author":1,"featured_media":0,"parent":0,"menu_order":0,"comment_status":"closed","ping_status":"closed","template":"","meta":{"footnotes":""},"yoast_head":"<!-- This site is optimized with the Yoast SEO plugin v22.1 - https:\/\/yoast.com\/wordpress\/plugins\/seo\/ -->\n<title>About - Latvian fashion brand designer Natalija Jansone<\/title>\n<meta name=\"description\" content=\"Discover the story of Latvian fashion brand designer Natalija Jansone \u2014 known for her timeless elegance and dedication to quality.\" \/>\n<meta name=\"robots\" content=\"index, follow, max-snippet:-1, max-image-preview:large, max-video-preview:-1\" \/>\n<link rel=\"canonical\" href=\"https:\/\/natajanson.com\/lv\/about-latvian-fashion-brand-designer-natalija-jansone\/\" \/>\n<meta property=\"og:locale\" content=\"lv_LV\" \/>\n<meta property=\"og:type\" content=\"article\" \/>\n<meta property=\"og:title\" content=\"About - Latvian fashion brand designer Natalija Jansone\" \/>\n<meta property=\"og:description\" content=\"Discover the story of Latvian fashion brand designer Natalija Jansone \u2014 known for her timeless elegance and dedication to quality.\" \/>\n<meta property=\"og:url\" content=\"https:\/\/natajanson.com\/lv\/about-latvian-fashion-brand-designer-natalija-jansone\/\" \/>\n<meta property=\"og:site_name\" content=\"Natalija Jansone\" \/>\n<meta property=\"article:publisher\" content=\"https:\/\/www.facebook.com\/byNatalijaJansone\" \/>\n<meta property=\"article:modified_time\" content=\"2025-08-05T09:23:24+00:00\" \/>\n<meta property=\"og:image\" content=\"https:\/\/natajanson.com\/wp-content\/uploads\/2023\/02\/WhatsApp-Image-2023-02-08-at-17.50.41-683x1024.jpeg\" \/>\n<meta name=\"twitter:card\" content=\"summary_large_image\" \/>\n<meta name=\"twitter:label1\" content=\"Est. reading time\" \/>\n\t<meta name=\"twitter:data1\" content=\"2 min\u016btes\" \/>\n<!-- \/ Yoast SEO plugin. -->","yoast_head_json":{"title":"About - Latvian fashion brand designer Natalija Jansone","description":"Discover the story of Latvian fashion brand designer Natalija Jansone \u2014 known for her timeless elegance and dedication to quality.","robots":{"index":"index","follow":"follow","max-snippet":"max-snippet:-1","max-image-preview":"max-image-preview:large","max-video-preview":"max-video-preview:-1"},"canonical":"https:\/\/natajanson.com\/lv\/about-latvian-fashion-brand-designer-natalija-jansone\/","og_locale":"lv_LV","og_type":"article","og_title":"About - Latvian fashion brand designer Natalija Jansone","og_description":"Discover the story of Latvian fashion brand designer Natalija Jansone \u2014 known for her timeless elegance and dedication to quality.","og_url":"https:\/\/natajanson.com\/lv\/about-latvian-fashion-brand-designer-natalija-jansone\/","og_site_name":"Natalija Jansone","article_publisher":"https:\/\/www.facebook.com\/byNatalijaJansone","article_modified_time":"2025-08-05T09:23:24+00:00","og_image":[{"url":"https:\/\/natajanson.com\/wp-content\/uploads\/2023\/02\/WhatsApp-Image-2023-02-08-at-17.50.41-683x1024.jpeg"}],"twitter_card":"summary_large_image","twitter_misc":{"Est. reading time":"2 min\u016btes"},"schema":{"@context":"https:\/\/schema.org","@graph":[{"@type":"WebPage","@id":"https:\/\/natajanson.com\/about-latvian-fashion-brand-designer-natalija-jansone\/","url":"https:\/\/natajanson.com\/about-latvian-fashion-brand-designer-natalija-jansone\/","name":"About - Latvian fashion brand designer Natalija Jansone","isPartOf":{"@id":"https:\/\/natajanson.com\/#website"},"datePublished":"2019-08-29T14:33:40+00:00","dateModified":"2025-08-05T09:23:24+00:00","description":"Discover the story of Latvian fashion brand designer Natalija Jansone \u2014 known for her timeless elegance and dedication to quality.","breadcrumb":{"@id":"https:\/\/natajanson.com\/about-latvian-fashion-brand-designer-natalija-jansone\/#breadcrumb"},"inLanguage":"lv","potentialAction":[{"@type":"ReadAction","target":["https:\/\/natajanson.com\/about-latvian-fashion-brand-designer-natalija-jansone\/"]}]},{"@type":"BreadcrumbList","@id":"https:\/\/natajanson.com\/about-latvian-fashion-brand-designer-natalija-jansone\/#breadcrumb","itemListElement":[{"@type":"ListItem","position":1,"name":"Home","item":"https:\/\/natajanson.com\/"},{"@type":"ListItem","position":2,"name":"About"}]},{"@type":"WebSite","@id":"https:\/\/natajanson.com\/#website","url":"https:\/\/natajanson.com\/","name":"natajanson.com","description":"","publisher":{"@id":"https:\/\/natajanson.com\/#organization"},"potentialAction":[{"@type":"SearchAction","target":{"@type":"EntryPoint","urlTemplate":"https:\/\/natajanson.com\/?s={search_term_string}"},"query-input":"required name=search_term_string"}],"inLanguage":"lv"},{"@type":"Organization","@id":"https:\/\/natajanson.com\/#organization","name":"Natalija Jansone","url":"https:\/\/natajanson.com\/","logo":{"@type":"ImageObject","inLanguage":"lv","@id":"https:\/\/natajanson.com\/#\/schema\/logo\/image\/","url":"https:\/\/natajanson.com\/wp-content\/uploads\/2025\/07\/logoNJ.jpg","contentUrl":"https:\/\/natajanson.com\/wp-content\/uploads\/2025\/07\/logoNJ.jpg","width":374,"height":372,"caption":"Natalija Jansone"},"image":{"@id":"https:\/\/natajanson.com\/#\/schema\/logo\/image\/"},"sameAs":["https:\/\/www.facebook.com\/byNatalijaJansone","https:\/\/www.instagram.com\/natajanson\/","https:\/\/www.pinterest.com\/njstudija0023"]}]}},"_links":{"self":[{"href":"https:\/\/natajanson.com\/lv\/wp-json\/wp\/v2\/pages\/13633"}],"collection":[{"href":"https:\/\/natajanson.com\/lv\/wp-json\/wp\/v2\/pages"}],"about":[{"href":"https:\/\/natajanson.com\/lv\/wp-json\/wp\/v2\/types\/page"}],"author":[{"embeddable":true,"href":"https:\/\/natajanson.com\/lv\/wp-json\/wp\/v2\/users\/1"}],"replies":[{"embeddable":true,"href":"https:\/\/natajanson.com\/lv\/wp-json\/wp\/v2\/comments?post=13633"}],"version-history":[{"count":0,"href":"https:\/\/natajanson.com\/lv\/wp-json\/wp\/v2\/pages\/13633\/revisions"}],"wp:attachment":[{"href":"https:\/\/natajanson.com\/lv\/wp-json\/wp\/v2\/media?parent=13633"}],"curies":[{"name":"wp","href":"https:\/\/api.w.org\/{rel}","templated":true}]}}