{"id":13683,"date":"2019-09-02T08:04:56","date_gmt":"2019-09-02T08:04:56","guid":{"rendered":"https:\/\/natajanson.com\/?page_id=13683"},"modified":"2025-08-04T10:38:01","modified_gmt":"2025-08-04T10:38:01","slug":"production-of-uniforms","status":"publish","type":"page","link":"https:\/\/natajanson.com\/lv\/production-of-uniforms\/","title":{"rendered":"Projekti"},"content":{"rendered":"<div id=\"cmsmasters_row_uniforms-intro\" class=\"cmsmasters_row cmsmasters_color_scheme_default cmsmasters_row_top_default cmsmasters_row_bot_default cmsmasters_row_boxed\">\n<div class=\"cmsmasters_row_outer_parent\">\n<div class=\"cmsmasters_row_outer\">\n<div class=\"cmsmasters_row_inner\">\n<div class=\"cmsmasters_row_margin\">\n<br \/>\n<div class=\"cmsmasters_column one_first\">\n<div class=\"cmsmasters_text\">\n<h1 style=\"text-align: center;\">Formas t\u0113rpu izgatavo\u0161ana un dizains<\/h1>\n<p style=\"text-align: center;\">Papildus m\u016bsu <a href=\"https:\/\/natajanson.com\/lv\/collections\/\">sezonas kolekcij\u0101m<\/a>m\u0113s specializ\u0113jamies individu\u0101la dizaina un formas t\u0113rpu izgatavo\u0161an\u0101 uz\u0146\u0113mumiem da\u017e\u0101d\u0101s nozar\u0113s. Katrs projekts s\u0101kas ar padzi\u013cin\u0101tu z\u012bmola st\u0101sta, v\u0113rt\u012bbu un vides izpratni. M\u0113s uzskat\u0101m, ka formas t\u0113rpi nav tikai ap\u0123\u0113rbs \u2013 tie ir vizu\u0101ls identit\u0101tes atspogu\u013cojums un smalks komunik\u0101cijas veids starp uz\u0146\u0113mumu un cilv\u0113kiem, ar kuriem tas mijiedarbojas. M\u016bsu dizaini tiek piel\u0101goti, lai atspogu\u013cotu katra uz\u0146\u0113muma unik\u0101lo atmosf\u0113ru \u2013 vai t\u0101 b\u016btu attur\u012bga grezn\u012bba, m\u016bsdien\u012bga precizit\u0101te vai silta viesm\u012bl\u012bba.<\/p>\n<p style=\"text-align: center;\">M\u0113s pieejam katrai sadarb\u012bbai ar t\u0101du pa\u0161u r\u016bp\u012bbu un uzman\u012bbu k\u0101 m\u016bsu modes kolekciju rad\u012b\u0161anai. Funkcionalit\u0101te nekad netiek upur\u0113ta est\u0113tikas v\u0101rd\u0101 \u2014 m\u016bsu m\u0113r\u0137is vienm\u0113r ir pan\u0101kt ide\u0101lu l\u012bdzsvaru starp komfortu, iztur\u012bbu un elegantu dizainu. T\u012bras l\u012bnijas, izsmalcin\u0101ti materi\u0101li un m\u016b\u017e\u012bgas formas raksturo m\u016bsu pieeju. No viesm\u012bl\u012bbas un vesel\u012bbas apr\u016bpes l\u012bdz finans\u0113m, rado\u0161aj\u0101m industrij\u0101m un kult\u016bras iest\u0101d\u0113m \u2014 m\u0113s piel\u0101gojam dizaina valodu konkr\u0113tajam kontekstam, nodro\u0161inot, lai katrs ap\u0123\u0113rba gabals b\u016btu gan piem\u0113rots, gan est\u0113tiski augstv\u0113rt\u012bgs.<\/p>\n<p style=\"text-align: center;\">M\u016bsu komanda cie\u0161i sadarbojas ar klientiem ikvien\u0101 procesa posm\u0101 \u2014 no koncepta izstr\u0101des un materi\u0101lu izv\u0113les l\u012bdz pielaiko\u0161anai un gala ra\u017eo\u0161anai. M\u0113s r\u016bp\u012bgi \u0146emam v\u0113r\u0101 darbinieku praktisk\u0101s vajadz\u012bbas, tostarp kust\u012bbu br\u012bv\u012bbu, klimata apst\u0101k\u013cus, ikdienas pien\u0101kumus un ap\u0123\u0113rba kop\u0161anu. Vienlaikus m\u0113s nodro\u0161in\u0101m, lai katrs formas t\u0113rps vizu\u0101li bag\u0101tin\u0101tu vidi, kur\u0101 tas tiek valk\u0101ts, un harmoniski papildin\u0101tu z\u012bmola kop\u0113jo est\u0113tiku.<\/p>\n<p style=\"text-align: center;\">M\u0113s labi apzin\u0101mies ar\u012b ap\u0123\u0113rba emocion\u0101lo sp\u0113ku. Kvalitat\u012bvi izstr\u0101d\u0101ts formas t\u0113rps var rad\u012bt pieder\u012bbas saj\u016btu, pa\u0161apzi\u0146u un vienot\u012bbu starp komandas locek\u013ciem. Tas sp\u0113j atst\u0101t palieko\u0161u pirmo iespaidu uz klientiem un viesiem, vienlaikus stiprinot uz\u0146\u0113muma iek\u0161\u0113jo kult\u016bru. T\u0101p\u0113c katram dizainam pieejam ar apzin\u0101tu nodomu un cie\u0146u \u2014 gan pret z\u012bmolu, gan pret cilv\u0113kiem, kuri \u0161o ap\u0123\u0113rbu valk\u0101s ikdien\u0101.<\/p>\n<p style=\"text-align: center;\">M\u016bsu m\u0113r\u0137is ir rad\u012bt ap\u0123\u0113rbu, kas ir kas vair\u0101k nek\u0101 tikai formas t\u0113rpi. M\u0113s tiecamies veidot darin\u0101jumus, kas klusi paaugstina ikdienas pieredzi, pastiprina profesionalit\u0101ti bez stingr\u012bbas un smalk\u0101, ilglaic\u012bg\u0101 veid\u0101 atspogu\u013co uz\u0146\u0113muma garu. Ar p\u0101rdom\u0101tu dizainu un augstas kvalit\u0101tes izpild\u012bjumu m\u0113s pal\u012bdzam z\u012bmoliem sevi pasniegt ar autentiskumu, skaidr\u012bbu un eleganci.<\/p>\n<\/div>\n<\/div>\n<br \/>\n<\/div>\n<\/div>\n<\/div>\n<\/div>\n<\/div>\n\n<div id=\"cmsmasters_row_uniforms-divider\" class=\"cmsmasters_row cmsmasters_color_scheme_default cmsmasters_row_top_default cmsmasters_row_bot_default cmsmasters_row_boxed\">\n<div class=\"cmsmasters_row_outer_parent\">\n<div class=\"cmsmasters_row_outer\">\n<div class=\"cmsmasters_row_inner\">\n<div class=\"cmsmasters_row_margin\">\n<br \/>\n<div class=\"cmsmasters_column one_first\">\n<h2 style=\"text-align: center;\">M\u016bsu sadarb\u012bbas partneri<\/h2>\n<div id=\"cmsmasters_divider_\" class=\"cmsmasters_divider cmsmasters_divider_width_short cmsmasters_divider_pos_center\"><\/div>\n<\/div>\n<br \/>\n<\/div>\n<\/div>\n<\/div>\n<\/div>\n<\/div>\n\n<div id=\"cmsmasters_row_clients-row\" class=\"cmsmasters_row cmsmasters_color_scheme_default cmsmasters_row_top_default cmsmasters_row_bot_default cmsmasters_row_boxed\">\n<div class=\"cmsmasters_row_outer_parent\">\n<div class=\"cmsmasters_row_outer\">\n<div class=\"cmsmasters_row_inner\">\n<div class=\"cmsmasters_row_margin\">\n<br \/>\n<div class=\"cmsmasters_column one_half\">\n<div class=\"cmsmasters_text\">\n<p style=\"text-align: center;\">airBaltic corporation<br \/>\n<a href=\"http:\/\/www.airbaltic.lv\">www.airbaltic.lv<\/a><\/p>\n<p style=\"text-align: center;\">VINCENTS restaurant<br \/>\n<a href=\"http:\/\/www.vincents.lv\">www.vincents.lv<\/a><\/p>\n<p style=\"text-align: center;\">hotel Justus<br \/>\n<a href=\"http:\/\/www.hoteljustus.lv\">www.hoteljustus.lv<\/a><\/p>\n<p style=\"text-align: center;\">Bank Citadele<br \/>\n<a href=\"http:\/\/www.citadele.lv\">www.citadele.lv<\/a><\/p>\n<p style=\"text-align: center;\">The Latvian National Symphony Orchestra<br \/>\n<a href=\"http:\/\/www.lnso.lv\">www.lnso.lv<\/a><\/p>\n<p style=\"text-align: center;\">Premium Medical Clinic<br \/>\n<a href=\"http:\/\/www.premiummedical.lv\">www.premiummedical.lv<\/a><\/p>\n<p style=\"text-align: center;\">Tet<br \/>\n<a href=\"http:\/\/www.tet.lv\">www.tet.lv<\/a><\/p>\n<\/div>\n<\/div>\n<\/p>\n<p><div class=\"cmsmasters_column one_half\">\n<div class=\"cmsmasters_text\">\n<p style=\"text-align: center;\">Hotel NEIBURGS<br \/>\n<a href=\"http:\/\/www.neiburgs.com\">www.neiburgs.com<\/a><\/p>\n<p style=\"text-align: center;\">ESPA Riga<br \/>\n<a href=\"http:\/\/www.espariga.com\">www.espariga.com<\/a><\/p>\n<p style=\"text-align: center;\">OCCO Dr.L\u016bkina acu kl\u012bnika<br \/>\n<a href=\"http:\/\/www.lasik.lv\">www.lasik.lv<\/a><\/p>\n<p style=\"text-align: center;\">Latvenergo<br \/>\n<a href=\"http:\/\/www.latvenergo.lv\">www.latvenergo.lv<\/a><\/p>\n<p style=\"text-align: center;\">Concert Hall Dzintari<br \/>\n<a href=\"http:\/\/www.dzintarukoncertzale.lv\">www.dzintarukoncertzale.lv<\/a><\/p>\n<p style=\"text-align: center;\">Vir\u0161i-A<br \/>\n<a href=\"http:\/\/www.virsi.lv\">www.virsi.lv<\/a><\/p>\n<\/div>\n<\/div>\n<br \/>\n<\/div>\n<\/div>\n<\/div>\n<\/div>\n<\/div>","protected":false},"excerpt":{"rendered":"","protected":false},"author":1,"featured_media":0,"parent":0,"menu_order":0,"comment_status":"closed","ping_status":"closed","template":"","meta":{"footnotes":""},"yoast_head":"<!-- This site is optimized with the Yoast SEO plugin v22.1 - https:\/\/yoast.com\/wordpress\/plugins\/seo\/ -->\n<title>Projects - Natalija Jansone Production of uniforms<\/title>\n<meta name=\"description\" content=\"Design and production of uniforms tailored to reflect each company\u2019s identity, values, and environment by Latvian Designer Natalija Jansone.\" \/>\n<meta name=\"robots\" content=\"index, follow, max-snippet:-1, max-image-preview:large, max-video-preview:-1\" \/>\n<link rel=\"canonical\" href=\"https:\/\/natajanson.com\/lv\/production-of-uniforms\/\" \/>\n<meta property=\"og:locale\" content=\"lv_LV\" \/>\n<meta property=\"og:type\" content=\"article\" \/>\n<meta property=\"og:title\" content=\"Projects - Natalija Jansone Production of uniforms\" \/>\n<meta property=\"og:description\" content=\"Design and production of uniforms tailored to reflect each company\u2019s identity, values, and environment by Latvian Designer Natalija Jansone.\" \/>\n<meta property=\"og:url\" content=\"https:\/\/natajanson.com\/lv\/production-of-uniforms\/\" \/>\n<meta property=\"og:site_name\" content=\"Natalija Jansone\" \/>\n<meta property=\"article:publisher\" content=\"https:\/\/www.facebook.com\/byNatalijaJansone\" \/>\n<meta property=\"article:modified_time\" content=\"2025-08-04T10:38:01+00:00\" \/>\n<meta property=\"og:image\" content=\"https:\/\/natajanson.com\/wp-content\/uploads\/2025\/07\/logoNJ.jpg\" \/>\n\t<meta property=\"og:image:width\" content=\"374\" \/>\n\t<meta property=\"og:image:height\" content=\"372\" \/>\n\t<meta property=\"og:image:type\" content=\"image\/jpeg\" \/>\n<meta name=\"twitter:card\" content=\"summary_large_image\" \/>\n<meta name=\"twitter:label1\" content=\"Est. reading time\" \/>\n\t<meta name=\"twitter:data1\" content=\"2 min\u016btes\" \/>\n<!-- \/ Yoast SEO plugin. -->","yoast_head_json":{"title":"Projects - Natalija Jansone Production of uniforms","description":"Design and production of uniforms tailored to reflect each company\u2019s identity, values, and environment by Latvian Designer Natalija Jansone.","robots":{"index":"index","follow":"follow","max-snippet":"max-snippet:-1","max-image-preview":"max-image-preview:large","max-video-preview":"max-video-preview:-1"},"canonical":"https:\/\/natajanson.com\/lv\/production-of-uniforms\/","og_locale":"lv_LV","og_type":"article","og_title":"Projects - Natalija Jansone Production of uniforms","og_description":"Design and production of uniforms tailored to reflect each company\u2019s identity, values, and environment by Latvian Designer Natalija Jansone.","og_url":"https:\/\/natajanson.com\/lv\/production-of-uniforms\/","og_site_name":"Natalija Jansone","article_publisher":"https:\/\/www.facebook.com\/byNatalijaJansone","article_modified_time":"2025-08-04T10:38:01+00:00","og_image":[{"width":374,"height":372,"url":"https:\/\/natajanson.com\/wp-content\/uploads\/2025\/07\/logoNJ.jpg","type":"image\/jpeg"}],"twitter_card":"summary_large_image","twitter_misc":{"Est. reading time":"2 min\u016btes"},"schema":{"@context":"https:\/\/schema.org","@graph":[{"@type":"WebPage","@id":"https:\/\/natajanson.com\/production-of-uniforms\/","url":"https:\/\/natajanson.com\/production-of-uniforms\/","name":"Projects - Natalija Jansone Production of uniforms","isPartOf":{"@id":"https:\/\/natajanson.com\/#website"},"datePublished":"2019-09-02T08:04:56+00:00","dateModified":"2025-08-04T10:38:01+00:00","description":"Design and production of uniforms tailored to reflect each company\u2019s identity, values, and environment by Latvian Designer Natalija Jansone.","breadcrumb":{"@id":"https:\/\/natajanson.com\/production-of-uniforms\/#breadcrumb"},"inLanguage":"lv","potentialAction":[{"@type":"ReadAction","target":["https:\/\/natajanson.com\/production-of-uniforms\/"]}]},{"@type":"BreadcrumbList","@id":"https:\/\/natajanson.com\/production-of-uniforms\/#breadcrumb","itemListElement":[{"@type":"ListItem","position":1,"name":"Home","item":"https:\/\/natajanson.com\/"},{"@type":"ListItem","position":2,"name":"Projects"}]},{"@type":"WebSite","@id":"https:\/\/natajanson.com\/#website","url":"https:\/\/natajanson.com\/","name":"natajanson.com","description":"","publisher":{"@id":"https:\/\/natajanson.com\/#organization"},"potentialAction":[{"@type":"SearchAction","target":{"@type":"EntryPoint","urlTemplate":"https:\/\/natajanson.com\/?s={search_term_string}"},"query-input":"required name=search_term_string"}],"inLanguage":"lv"},{"@type":"Organization","@id":"https:\/\/natajanson.com\/#organization","name":"Natalija Jansone","url":"https:\/\/natajanson.com\/","logo":{"@type":"ImageObject","inLanguage":"lv","@id":"https:\/\/natajanson.com\/#\/schema\/logo\/image\/","url":"https:\/\/natajanson.com\/wp-content\/uploads\/2025\/07\/logoNJ.jpg","contentUrl":"https:\/\/natajanson.com\/wp-content\/uploads\/2025\/07\/logoNJ.jpg","width":374,"height":372,"caption":"Natalija Jansone"},"image":{"@id":"https:\/\/natajanson.com\/#\/schema\/logo\/image\/"},"sameAs":["https:\/\/www.facebook.com\/byNatalijaJansone","https:\/\/www.instagram.com\/natajanson\/","https:\/\/www.pinterest.com\/njstudija0023"]}]}},"_links":{"self":[{"href":"https:\/\/natajanson.com\/lv\/wp-json\/wp\/v2\/pages\/13683"}],"collection":[{"href":"https:\/\/natajanson.com\/lv\/wp-json\/wp\/v2\/pages"}],"about":[{"href":"https:\/\/natajanson.com\/lv\/wp-json\/wp\/v2\/types\/page"}],"author":[{"embeddable":true,"href":"https:\/\/natajanson.com\/lv\/wp-json\/wp\/v2\/users\/1"}],"replies":[{"embeddable":true,"href":"https:\/\/natajanson.com\/lv\/wp-json\/wp\/v2\/comments?post=13683"}],"version-history":[{"count":0,"href":"https:\/\/natajanson.com\/lv\/wp-json\/wp\/v2\/pages\/13683\/revisions"}],"wp:attachment":[{"href":"https:\/\/natajanson.com\/lv\/wp-json\/wp\/v2\/media?parent=13683"}],"curies":[{"name":"wp","href":"https:\/\/api.w.org\/{rel}","templated":true}]}}