{"id":13708,"date":"2019-09-02T10:32:46","date_gmt":"2019-09-02T10:32:46","guid":{"rendered":"https:\/\/natajanson.com\/?page_id=13708"},"modified":"2025-07-31T10:15:09","modified_gmt":"2025-07-31T10:15:09","slug":"contacts","status":"publish","type":"page","link":"https:\/\/natajanson.com\/lv\/contacts\/","title":{"rendered":"Kontakti"},"content":{"rendered":"<p><code><div id=\"cmsmasters_row_aacd598a25\" class=\"cmsmasters_row cmsmasters_color_scheme_default cmsmasters_row_top_default cmsmasters_row_bot_default cmsmasters_row_boxed\">\n<div class=\"cmsmasters_row_outer_parent\">\n<div class=\"cmsmasters_row_outer\">\n<div class=\"cmsmasters_row_inner\">\n<div class=\"cmsmasters_row_margin\">\n<div class=\"cmsmasters_column one_first\">\n<div class=\"custom_html\">\n<iframe src=\"https:\/\/www.google.com\/maps\/embed?pb=!1m18!1m12!1m3!1d1088.0380701372637!2d24.110207858359452!3d56.9474967581194!2m3!1f0!2f0!3f0!3m2!1i1024!2i768!4f13.1!3m3!1m2!1s0x46eecfd69f8c1dcf%3A0xb84be786d82eb739!2zSsSBxYZhIGllbGEsIENlbnRyYSByYWpvbnMsIFLEq2dhLCBMVi0xMDUwLCDQm9Cw0YLQstC40Y8!5e0!3m2!1sru!2sse!4v1643958771356!5m2!1sru!2sse\" width=\"100%\" height=\"600\" style=\"border:0;\" allowfullscreen=\"\" loading=\"lazy\"><\/iframe>\n<\/div>\n<\/div>\n<\/div>\n<\/div>\n<\/div>\n<\/div>\n<\/div>\n<div id=\"cmsmasters_row_cc2af96d45\" class=\"cmsmasters_row cmsmasters_color_scheme_default contacts_horizontal cmsmasters_row_top_default cmsmasters_row_bot_default cmsmasters_row_boxed\">\n<div id=\"contatcs_horizontal\" class=\"cmsmasters_row_outer_parent\">\n<div class=\"cmsmasters_row_outer\">\n<div class=\"cmsmasters_row_inner\">\n<div class=\"cmsmasters_row_margin\">\n<div class=\"cmsmasters_column one_third\">\n<div class=\"cmsmasters_text\">\n<p><\/code><\/p>\n<h6 style=\"text-align: center;\"><strong>\u201cNJ Studija\u201d Ltd.<\/strong><br \/>\n<strong>Latvia<\/strong><\/h6>\n<p><code><\/p>\n<\/div>\n<\/code><\/p>\n<p><code><div id=\"cmsmasters_divider_adbf2764fc\" class=\"cmsmasters_divider cmsmasters_divider_width_short cmsmasters_divider_pos_center\"><\/div><\/code><\/p>\n<p><code><div class=\"cmsmasters_text\">\n<p><\/code><\/p>\n<h6 style=\"text-align: center;\">J\u0101\u0146a street 3,Riga, LatviaLV 1050<br \/>\n(+371)\u00a067222450<br \/>\nnjstudija@gmail.com<br \/>\nPRESS \u2013\u00a0<a href=\"mailto:una.meistere@gmail.com\">una.meistere@gmail.com<\/a><br \/>\nRado\u0161\u0101 direktore:<br \/>\nNatalija Jansone<br \/>\nPhone:\u00a0+371 29254825<\/h6>\n<p><code><\/p>\n<\/div>\n<\/div>\n<div class=\"cmsmasters_column one_third\">\n<div class=\"cmsmasters_text\">\n<p><\/code><\/p>\n<h6 style=\"text-align: center;\"><strong>US sales:<\/strong><\/h6>\n<h6 style=\"text-align: center;\"><a href=\"http:\/\/www.cpfashiongroup.com\/#contact\">Enrico Di Muccio<\/a><\/h6>\n<p>&nbsp;<\/p>\n<p><code><\/p>\n<\/div>\n<\/code><\/p>\n<p><code><div id=\"cmsmasters_divider_b525fba2fd\" class=\"cmsmasters_divider cmsmasters_divider_width_short cmsmasters_divider_pos_center\"><\/div><\/code><\/p>\n<p><code><div class=\"cmsmasters_text\">\n<p><\/code><\/p>\n<h6 style=\"text-align: center;\">New York, NY 10018<\/h6>\n<h6 style=\"text-align: center;\">O (646) 257.2669<\/h6>\n<h6 style=\"text-align: center;\">C (917) 402.6915<\/h6>\n<p><code><\/p>\n<\/div>\n<\/div>\n<div class=\"cmsmasters_column one_third\">\n<p><\/code><\/p>\n<p><code><div id=\"cmsmasters_divider_ac81189303\" class=\"cmsmasters_divider cmsmasters_divider_width_short cmsmasters_divider_pos_center\"><\/div><\/code><\/p>\n<p><code><\/p>\n<\/div>\n<\/div>\n<\/div>\n<\/div>\n<\/div>\n<\/div>\n<div id=\"cmsmasters_row_629b44c89a\" class=\"cmsmasters_row cmsmasters_color_scheme_default cmsmasters_row_top_default cmsmasters_row_bot_default cmsmasters_row_boxed\">\n<div class=\"cmsmasters_row_outer_parent\">\n<div class=\"cmsmasters_row_outer\">\n<div class=\"cmsmasters_row_inner\">\n<div class=\"cmsmasters_row_margin\">\n<div class=\"cmsmasters_column one_half\">\n<p><\/code><\/p>\n<p><code><div class=\"cmsmasters_contact_form\">\n<div class=\"wpcf7 no-js\" id=\"wpcf7-f6-o1\" lang=\"en-US\" dir=\"ltr\">\n<div class=\"screen-reader-response\"><p role=\"status\" aria-live=\"polite\" aria-atomic=\"true\"><\/p> <ul><\/ul><\/div>\n<form action=\"\/lv\/wp-json\/wp\/v2\/pages\/13708#wpcf7-f6-o1\" method=\"post\" class=\"wpcf7-form init\" aria-label=\"Contact form\" novalidate=\"novalidate\" data-status=\"init\" data-trp-original-action=\"\/lv\/wp-json\/wp\/v2\/pages\/13708#wpcf7-f6-o1\">\n<div style=\"display: none;\">\n<input type=\"hidden\" name=\"_wpcf7\" value=\"6\" \/>\n<input type=\"hidden\" name=\"_wpcf7_version\" value=\"5.8.7\" \/>\n<input type=\"hidden\" name=\"_wpcf7_locale\" value=\"en_US\" \/>\n<input type=\"hidden\" name=\"_wpcf7_unit_tag\" value=\"wpcf7-f6-o1\" \/>\n<input type=\"hidden\" name=\"_wpcf7_container_post\" value=\"0\" \/>\n<input type=\"hidden\" name=\"_wpcf7_posted_data_hash\" value=\"\" \/>\n<\/div>\n<p><label> V\u0101rds (oblig\u0101ts)<br \/>\n<span class=\"wpcf7-form-control-wrap\" data-name=\"your-name\"><input size=\"40\" class=\"wpcf7-form-control wpcf7-text wpcf7-validates-as-required\" aria-required=\"true\" aria-invalid=\"false\" value=\"\" type=\"text\" name=\"your-name\" \/><\/span> <\/label>\n<\/p>\n<p><label> Epasts (oblig\u0101ts)<br \/>\n<span class=\"wpcf7-form-control-wrap\" data-name=\"your-email\"><input size=\"40\" class=\"wpcf7-form-control wpcf7-email wpcf7-validates-as-required wpcf7-text wpcf7-validates-as-email\" aria-required=\"true\" aria-invalid=\"false\" value=\"\" type=\"email\" name=\"your-email\" \/><\/span> <\/label>\n<\/p>\n<p><label> T\u0113ma<br \/>\n<span class=\"wpcf7-form-control-wrap\" data-name=\"your-subject\"><input size=\"40\" class=\"wpcf7-form-control wpcf7-text\" aria-invalid=\"false\" value=\"\" type=\"text\" name=\"your-subject\" \/><\/span> <\/label>\n<\/p>\n<p><label> J\u016bsu V\u0113stule<br \/>\n<span class=\"wpcf7-form-control-wrap\" data-name=\"your-message\"><textarea cols=\"40\" rows=\"10\" class=\"wpcf7-form-control wpcf7-textarea\" aria-invalid=\"false\" name=\"your-message\"><\/textarea><\/span> <\/label>\n<\/p>\n<p><input class=\"wpcf7-form-control wpcf7-submit has-spinner\" type=\"submit\" value=\"S\u016bt\u012bt\" \/>\n<\/p><input type='hidden' class='wpcf7-pum' value='{\"closepopup\":false,\"closedelay\":0,\"openpopup\":false,\"openpopup_id\":0}' \/><div class=\"wpcf7-response-output\" aria-hidden=\"true\"><\/div>\n<input type=\"hidden\" name=\"trp-form-language\" value=\"lv\"\/><\/form>\n<\/div>\n<\/div><\/code><\/p>\n<p><code><\/p>\n<\/div>\n<div class=\"cmsmasters_column one_fourth\">\n<div class=\"cmsmasters_text\">\n<p><\/code><\/p>\n<h6 style=\"text-align: left;\"><strong>M\u016aSU SHOWROOM UN RA\u017dO\u0160ANAS BIROJS<\/strong><\/h6>\n<h6 style=\"text-align: left;\">\u201cNJ Studija\u201d Ltd.,<br \/>\nPirmdiena - Piektdiena<br \/>\n9:00 &#8211; 17:00<br \/>\nSestdiena - Sv\u0113tdiena<br \/>\nSl\u0113gts<br \/>\nJ\u0101\u0146a iela 3,<br \/>\nRiga, Latvia<br \/>\nLV 1050<br \/>\n<a href=\"tel:+37129254825\">+371\u00a029254825<\/a><br \/>\n<a href=\"mailto:njstudija@gmail.com\">njstudija@gmail.com<\/a><\/h6>\n<p><code><\/p>\n<\/div>\n<div class=\"cmsmasters_text\">\n<p><\/code><\/p>\n<h6><strong>Rado\u0161\u0101 direktore:<\/strong><br \/>\n<strong>Natalija Jansone<\/strong><br \/>\nT\u0101lr.: +371 29254825<\/h6>\n<p><span style=\"font-size: 14px;\"> PRESS \u2013 una.meistere@gmail.com<\/span><\/p>\n<p><code><\/p>\n<\/div>\n<div class=\"cmsmasters_text\">\n<p><\/code><\/p>\n<h6 style=\"text-align: left;\"><strong>SALES IN GREATER CHINA:<\/strong><br \/>\nSHOWROOM YA<br \/>\nBEIJING CHINA<br \/>\nAndrea Guo<br \/>\nPhone: +8618811513113<\/h6>\n<p><code><\/p>\n<\/div>\n<\/div>\n<div class=\"cmsmasters_column one_fourth\">\n<div class=\"cmsmasters_text\">\n<p><\/code><\/p>\n<h6><strong>US sales:<\/strong><br \/>\nEnrico Di Muccio<br \/>\nNew York, NY 10018<br \/>\nO (646) 257.2669<br \/>\nC (917) 402.6915<\/h6>\n<h6 style=\"text-align: left;\"><\/h6>\n<p><code><\/p>\n<\/div>\n<div class=\"cmsmasters_text\">\n<p><\/code><\/p>\n<h6 style=\"text-align: left;\"><strong>SALES AGENT:<\/strong><br \/>\nADELAIDE SHOWROOM<br \/>\nMILANO 20122<br \/>\nPhone: <strong>+393483303695<\/strong><br \/>\nsales@adelaideshowroom.com<br \/>\nwww.adelaideshowroom.com<\/h6>\n<p><code><\/p>\n<\/div>\n<div class=\"custom_html\">\n<ul class=\"contact-social\">\n<li>\n\t\t\t\t<a href=\"https:\/\/instagram.com\/natalijajansone_brand\" class=\"cmsmasters_social_icon cmsmasters_social_icon_1 cmsmasters-icon-custom-instagram\" title=\"Instagram\" target=\"_blank\"><\/a>\n\t\t\t<\/li>\n<li>\n\t\t\t\t<a href=\"http:\/\/www.facebook.com\/byNatalijaJansone\" class=\"cmsmasters_social_icon cmsmasters_social_icon_2 cmsmasters-icon-facebook-3\" title=\"Facebook\" target=\"_blank\"><\/a>\n\t\t\t<\/li>\n<\/ul>\n<\/div>\n<\/div>\n<\/div>\n<\/div>\n<\/div>\n<\/div>\n<\/div>\n<\/code><\/p>","protected":false},"excerpt":{"rendered":"","protected":false},"author":1,"featured_media":0,"parent":0,"menu_order":0,"comment_status":"closed","ping_status":"closed","template":"","meta":{"footnotes":""},"yoast_head":"<!-- This site is optimized with the Yoast SEO plugin v22.1 - https:\/\/yoast.com\/wordpress\/plugins\/seo\/ -->\n<title>Contacts - Natalija Jansone<\/title>\n<meta name=\"robots\" content=\"index, follow, max-snippet:-1, max-image-preview:large, max-video-preview:-1\" \/>\n<link rel=\"canonical\" href=\"https:\/\/natajanson.com\/lv\/contacts\/\" \/>\n<meta property=\"og:locale\" content=\"lv_LV\" \/>\n<meta property=\"og:type\" content=\"article\" \/>\n<meta property=\"og:title\" content=\"Contacts - Natalija Jansone\" \/>\n<meta property=\"og:url\" content=\"https:\/\/natajanson.com\/lv\/contacts\/\" \/>\n<meta property=\"og:site_name\" content=\"Natalija Jansone\" \/>\n<meta property=\"article:publisher\" content=\"https:\/\/www.facebook.com\/byNatalijaJansone\" \/>\n<meta property=\"article:modified_time\" content=\"2025-07-31T10:15:09+00:00\" \/>\n<meta property=\"og:image\" content=\"https:\/\/natajanson.com\/wp-content\/uploads\/2025\/07\/logoNJ.jpg\" \/>\n\t<meta property=\"og:image:width\" content=\"374\" \/>\n\t<meta property=\"og:image:height\" content=\"372\" \/>\n\t<meta property=\"og:image:type\" content=\"image\/jpeg\" \/>\n<meta name=\"twitter:card\" content=\"summary_large_image\" \/>\n<meta name=\"twitter:label1\" content=\"Est. reading time\" \/>\n\t<meta name=\"twitter:data1\" content=\"1 min\u016bte\" \/>\n<!-- \/ Yoast SEO plugin. -->","yoast_head_json":{"title":"Contacts - Natalija Jansone","robots":{"index":"index","follow":"follow","max-snippet":"max-snippet:-1","max-image-preview":"max-image-preview:large","max-video-preview":"max-video-preview:-1"},"canonical":"https:\/\/natajanson.com\/lv\/contacts\/","og_locale":"lv_LV","og_type":"article","og_title":"Contacts - Natalija Jansone","og_url":"https:\/\/natajanson.com\/lv\/contacts\/","og_site_name":"Natalija Jansone","article_publisher":"https:\/\/www.facebook.com\/byNatalijaJansone","article_modified_time":"2025-07-31T10:15:09+00:00","og_image":[{"width":374,"height":372,"url":"https:\/\/natajanson.com\/wp-content\/uploads\/2025\/07\/logoNJ.jpg","type":"image\/jpeg"}],"twitter_card":"summary_large_image","twitter_misc":{"Est. reading time":"1 min\u016bte"},"schema":{"@context":"https:\/\/schema.org","@graph":[{"@type":"WebPage","@id":"https:\/\/natajanson.com\/contacts\/","url":"https:\/\/natajanson.com\/contacts\/","name":"Contacts - Natalija Jansone","isPartOf":{"@id":"https:\/\/natajanson.com\/#website"},"datePublished":"2019-09-02T10:32:46+00:00","dateModified":"2025-07-31T10:15:09+00:00","breadcrumb":{"@id":"https:\/\/natajanson.com\/contacts\/#breadcrumb"},"inLanguage":"lv","potentialAction":[{"@type":"ReadAction","target":["https:\/\/natajanson.com\/contacts\/"]}]},{"@type":"BreadcrumbList","@id":"https:\/\/natajanson.com\/contacts\/#breadcrumb","itemListElement":[{"@type":"ListItem","position":1,"name":"Home","item":"https:\/\/natajanson.com\/"},{"@type":"ListItem","position":2,"name":"Contacts"}]},{"@type":"WebSite","@id":"https:\/\/natajanson.com\/#website","url":"https:\/\/natajanson.com\/","name":"natajanson.com","description":"","publisher":{"@id":"https:\/\/natajanson.com\/#organization"},"potentialAction":[{"@type":"SearchAction","target":{"@type":"EntryPoint","urlTemplate":"https:\/\/natajanson.com\/?s={search_term_string}"},"query-input":"required name=search_term_string"}],"inLanguage":"lv"},{"@type":"Organization","@id":"https:\/\/natajanson.com\/#organization","name":"Natalija Jansone","url":"https:\/\/natajanson.com\/","logo":{"@type":"ImageObject","inLanguage":"lv","@id":"https:\/\/natajanson.com\/#\/schema\/logo\/image\/","url":"https:\/\/natajanson.com\/wp-content\/uploads\/2025\/07\/logoNJ.jpg","contentUrl":"https:\/\/natajanson.com\/wp-content\/uploads\/2025\/07\/logoNJ.jpg","width":374,"height":372,"caption":"Natalija Jansone"},"image":{"@id":"https:\/\/natajanson.com\/#\/schema\/logo\/image\/"},"sameAs":["https:\/\/www.facebook.com\/byNatalijaJansone","https:\/\/www.instagram.com\/natajanson\/","https:\/\/www.pinterest.com\/njstudija0023"]}]}},"_links":{"self":[{"href":"https:\/\/natajanson.com\/lv\/wp-json\/wp\/v2\/pages\/13708"}],"collection":[{"href":"https:\/\/natajanson.com\/lv\/wp-json\/wp\/v2\/pages"}],"about":[{"href":"https:\/\/natajanson.com\/lv\/wp-json\/wp\/v2\/types\/page"}],"author":[{"embeddable":true,"href":"https:\/\/natajanson.com\/lv\/wp-json\/wp\/v2\/users\/1"}],"replies":[{"embeddable":true,"href":"https:\/\/natajanson.com\/lv\/wp-json\/wp\/v2\/comments?post=13708"}],"version-history":[{"count":0,"href":"https:\/\/natajanson.com\/lv\/wp-json\/wp\/v2\/pages\/13708\/revisions"}],"wp:attachment":[{"href":"https:\/\/natajanson.com\/lv\/wp-json\/wp\/v2\/media?parent=13708"}],"curies":[{"name":"wp","href":"https:\/\/api.w.org\/{rel}","templated":true}]}}