{"id":15361,"date":"2021-03-07T15:54:09","date_gmt":"2021-03-07T15:54:09","guid":{"rendered":"https:\/\/natajanson.com\/?page_id=15361"},"modified":"2023-10-26T18:21:05","modified_gmt":"2023-10-26T18:21:05","slug":"sikdatnu-politika","status":"publish","type":"page","link":"https:\/\/natajanson.com\/lv\/sikdatnu-politika\/","title":{"rendered":"S\u012bkdat\u0146u politika"},"content":{"rendered":"<p><strong>S\u012bkdat\u0146u izmanto\u0161anas noteikumi NATALIJA JANSONE interneta vietn\u0113 www.natalijajansone.com<\/strong><\/p>\n\n\n\n<p>S\u012bkdat\u0146u izmanto\u0161anas noteikumos NATALIJA JANSONE interneta vietn\u0113 (turpm\u0101k \u2013 dokuments) ir aprakst\u012bta s\u012bkdat\u0146u izmanto\u0161ana NATALIJA JANSONE (SIA NJ Studija, vienot\u0101s re\u0123istr\u0101cijas numurs: 40003399741, PVN maks\u0101t\u0101ja numurs LV40003399741, juridisk\u0101 adrese: J\u0101\u0146a iela 3, R\u012bga, LV-1050, klientu apkalpo\u0161anas t\u0101lrunis&nbsp;<a href=\"callto:+37167284828\">+371 28365391<\/a>; e-pasta adrese:&nbsp;<a href=\"mailto:riija@riija.lv)%20\">njstudija<\/a><a href=\"mailto:njstudija@gmail.com)%20\">@<\/a><a href=\"mailto:njstudija@gmail.com%20\" data-type=\"mailto\" data-id=\"mailto:njstudija@gmail.com%20\">gmail.com)&nbsp;<\/a>un m\u0101jaslap\u0101 www.natalijajansone.com (turpm\u0101k \u2013 NATALIJA JANSONE vietne), nor\u0101d\u012bti s\u012bkdat\u0146u lieto\u0161anas nol\u016bki, k\u0101 ar\u012b lietot\u0101ju ties\u012bbas main\u012bt un izv\u0113l\u0113ties s\u012bkdat\u0146u lieto\u0161anu atbilsto\u0161i sav\u0101m vajadz\u012bb\u0101m.<\/p>\n\n\n\n<p><strong>Kas ir s\u012bkdatnes?<\/strong><br>S\u012bkdatnes ir mazas teksta datnes, kuras t\u012bmek\u013ca p\u0101rl\u016bkprogramma (piem\u0113ram, Internet Explorer, Mozilla Firefox, Safari u.c.) saglab\u0101 lietot\u0101ja galiek\u0101rt\u0101 (dator\u0101, mobilaj\u0101 t\u0101lrun\u012b, plan\u0161et\u0113) br\u012bd\u012b, kad lietot\u0101js apmekl\u0113 t\u012bmek\u013ca vietni, lai identific\u0113tu p\u0101rl\u016bkprogrammu vai p\u0101rl\u016bkprogramm\u0101 saglab\u0101tu inform\u0101ciju vai iestat\u012bjumus.<\/p>\n\n\n\n<p>T\u0101d\u0113j\u0101di ar s\u012bkdat\u0146u pal\u012bdz\u012bbu t\u012bmek\u013ca vietne ieg\u016bst sp\u0113ju saglab\u0101t lietot\u0101ja individu\u0101los iestat\u012bjumus, atpaz\u012bt vi\u0146u un atbilsto\u0161i rea\u0123\u0113t, ar m\u0113r\u0137i uzlabot vietnes lieto\u0161anas pieredzi. Lietot\u0101js var atsp\u0113jot vai ierobe\u017eot s\u012bkdat\u0146u izmanto\u0161anu, ta\u010du bez s\u012bkdatn\u0113m neb\u016bs iesp\u0113jams pilnv\u0113rt\u012bgi izmantot visas viet\u0146u funkcijas. Atkar\u012bb\u0101 no veicamaj\u0101m funkcij\u0101m un izmanto\u0161anas m\u0113r\u0137a, NATALIJA JANSONE izmanto oblig\u0101t\u0101s, funkcion\u0101l\u0101s, anal\u012btisk\u0101s un m\u0113r\u0137\u0113\u0161anas (rekl\u0101mas) s\u012bkdatnes.<\/p>\n\n\n\n<p><strong>Oblig\u0101t\u0101s s\u012bkdatnes<\/strong><\/p>\n\n\n\n<p>\u0160\u012bs s\u012bkdatnes nepiecie\u0161amas, lai lietot\u0101js var\u0113tu br\u012bvi apmekl\u0113t un p\u0101rl\u016bkot t\u012bmek\u013ca vietni un izmantot t\u0101s pied\u0101v\u0101t\u0101s iesp\u0113jas, taj\u0101 skait\u0101 ieg\u016bt inform\u0101ciju par pakalpojumiem un ieg\u0101d\u0101ties tos. \u0160\u012bs s\u012bkdatnes identific\u0113 lietot\u0101ja iek\u0101rtu, ta\u010du neizpau\u017e lietot\u0101ja identit\u0101ti, k\u0101 ar\u012b t\u0101s nev\u0101c un neapkopo inform\u0101ciju. Bez \u0161\u012bm s\u012bkdatn\u0113m t\u012bmek\u013ca vietne nevar\u0113s pilnv\u0113rt\u012bgi darboties, piem\u0113ram, sniegt lietot\u0101jam nepiecie\u0161amo inform\u0101ciju, nodro\u0161in\u0101t piepras\u012btos pakalpojumus e-veikal\u0101, piesl\u0113g\u0161anos profilam vai pakalpojuma pieteik\u0161anu. \u0160\u012bs s\u012bkdatnes tiek glab\u0101tas lietot\u0101ja iek\u0101rt\u0101 l\u012bdz br\u012bdim, kad tiek aizv\u0113rta t\u012bmek\u013ca p\u0101rl\u016bkprogramma.<\/p>\n\n\n\n<p><strong>Funkcion\u0101l\u0101s s\u012bkdatnes<\/strong><\/p>\n\n\n\n<p>Ar funkcion\u0101laj\u0101m s\u012bkdatn\u0113m vietne atceras lietot\u0101ja izv\u0113l\u0113tos uzst\u0101d\u012bjumus un veikt\u0101s izv\u0113les, lai lietot\u0101js var\u0113tu \u0113rt\u0101k lietot vietni. \u0160\u012bs s\u012bkdatnes glab\u0101jas lietot\u0101ja iek\u0101rt\u0101 past\u0101v\u012bgi.<\/p>\n\n\n\n<p><strong>Anal\u012btisk\u0101s s\u012bkdatnes<\/strong><br>Anal\u012btisk\u0101s s\u012bkdatnes apkopo inform\u0101ciju par to, k\u0101 lietot\u0101js lieto t\u012bmek\u013ca vietni, konstat\u0113 bie\u017e\u0101k apmekl\u0113t\u0101s sada\u013cas, ieskaitot saturu, kuru lietot\u0101js izv\u0113las, p\u0101rl\u016bkojot vietni. Inform\u0101cija tiek lietota anal\u012bzes nol\u016bkos, lai noskaidrotu, kas interes\u0113 vietnes lietot\u0101jus, un var\u0113tu uzlabot vietnes funkcionalit\u0101ti, padarot to \u0113rt\u0101k lietojamu. Anal\u012btisk\u0101s s\u012bkdatnes identific\u0113 tikai lietot\u0101ja iek\u0101rtu, ta\u010du neizpau\u017e lietot\u0101ja identit\u0101ti.<br>Atsevi\u0161\u0137os gad\u012bjumos da\u017eas no anal\u012btiskaj\u0101m s\u012bkdatn\u0113m vietnes \u012bpa\u0161nieka viet\u0101, saska\u0146\u0101 ar t\u0101 nor\u0101d\u012bjumiem un tikai atbilsto\u0161i nor\u0101d\u012btajiem m\u0113r\u0137iem, p\u0101rvalda datu apstr\u0101d\u0101t\u0101ji (operatori), piem\u0113ram, Google Adwords.<\/p>\n\n\n\n<p><strong>M\u0113r\u0137a (rekl\u0101mas) s\u012bkdatnes<\/strong><br>M\u0113r\u0137a (rekl\u0101mas) s\u012bkdatnes izmanto, lai apkopotu inform\u0101ciju par lietot\u0101ja apmekl\u0113taj\u0101m t\u012bmek\u013ca vietn\u0113m un pied\u0101v\u0101tu tie\u0161i konkr\u0113tam lietot\u0101jam interes\u0113jo\u0161us NATALIJA JANSONE vai sadarb\u012bbas partneru pakalpojumus vai adres\u0113tu konkr\u0113t\u0101 lietot\u0101ja izr\u0101d\u012btajai interesei atbilsto\u0161us pied\u0101v\u0101jumus.<br>Parasti \u0161\u012bs s\u012bkdatnes ar vietnes \u012bpa\u0161nieka at\u013cauju atbilsto\u0161i nor\u0101d\u012btajiem m\u0113r\u0137iem izvieto tre\u0161\u0101s personas, piem\u0113ram, Google Adwords.<br>M\u0113r\u0137a s\u012bkdatnes lietot\u0101ja gala iek\u0101rt\u0101 tiek uzglab\u0101tas past\u0101v\u012bgi.<\/p>\n\n\n\n<p><strong>K\u0101diem m\u0113r\u0137iem NATALIJA JANSONE izmanto s\u012bkdatnes<\/strong><br>NATALIJA JANSONE izmanto s\u012bkdatnes, lai uzlabotu viet\u0146u un m\u0101jaslapu lieto\u0161anas pieredzi:<br>nodro\u0161in\u0101tu m\u0101jaslapas funkcionalit\u0101ti;<br>piel\u0101gotu m\u0101jaslapas funkcionalit\u0101ti lietot\u0101ja lieto\u0161anas paradumiem \u2013 tai skait\u0101 valodai, mekl\u0113\u0161anas piepras\u012bjumiem, iepriek\u0161 apskat\u012btajam saturam;<br>ieg\u016btu statistikas datus par lapas apmekl\u0113t\u0101ju pl\u016bsmu \u2013 apmekl\u0113t\u0101ju skaitu, lap\u0101 pavad\u012bto laiku u.c.; lietot\u0101ju autentifik\u0101cijai;<\/p>\n\n\n\n<p><strong>Cik ilgi tiek glab\u0101tas s\u012bkdatnes<\/strong><\/p>\n\n\n\n<p>Ja nav noteikts cit\u0101di, s\u012bkdatnes tiek glab\u0101tas, kam\u0113r tiek izpild\u012bta darb\u012bba, k\u0101dam nol\u016bkam t\u0101s v\u0101ktas, un p\u0113c tam t\u0101s tiek dz\u0113stas. S\u012bkdat\u0146u inform\u0101cija netiek nodota apstr\u0101dei \u0101rpus Eiropas Savien\u012bbas un EEZ.<\/p>\n\n\n\n<p><strong>S\u012bkdat\u0146u apstiprin\u0101\u0161ana un atsp\u0113jo\u0161ana<\/strong><\/p>\n\n\n\n<p>Apmekl\u0113jot NATALIJA JANSONE vietni, lietot\u0101jam tiek att\u0113lots logs ar zi\u0146ojumu par to, ka t\u012bmek\u013ca vietn\u0113 tiek izmantotas s\u012bkdatnes. Ja lietot\u0101ji\/-as akcept\u0113 s\u012bkdat\u0146u pie\u0146em\u0161anu, nospie\u017eot \u201cPiekr\u012btu\u201d, s\u012bkdat\u0146u izmato\u0161anas tiesiskais pamats ir lietot\u0101ja\/-as piekri\u0161ana un vi\u0146i apstiprina, ka ir iepazinu\u0161ies ar inform\u0101ciju par s\u012bkdatn\u0113m, to izmanto\u0161anas nol\u016bkiem, gad\u012bjumiem, kad inform\u0101cija tiek nodota tre\u0161ajai personai. Ja izmantojot vietni lietot\u0101js nosl\u0113dz l\u012bgumu \u2013 s\u012bkdat\u0146u apstr\u0101de vajadz\u012bga l\u012bguma izpildei, kas nosl\u0113gts ar lietot\u0101ju vai lai NATALIJA JANSONE izpild\u012btu savu likumisku pien\u0101kumu vai \u012bstenotu le\u0123it\u012bmas intereses.<br>Ikvienas t\u012bmek\u013ca p\u0101rl\u016bkprogrammas dro\u0161\u012bbas iestat\u012bjumos iesp\u0113jama s\u012bkdat\u0146u ierobe\u017eo\u0161ana un dz\u0113\u0161ana. Tom\u0113r j\u0101\u0146em v\u0113r\u0101, ka nevar atteikties no oblig\u0101to un funkcion\u0101lo s\u012bkdat\u0146u lieto\u0161anas, jo bez t\u0101m vietnes un m\u0101jaslapas pilnv\u0113rt\u012bgas lieto\u0161anas nodro\u0161in\u0101\u0161ana nav iesp\u0113jama.<\/p>\n\n\n\n<p><strong>Klientu personas datu apstr\u0101de<\/strong><\/p>\n\n\n\n<ol><li>Datu p\u0101rzinis var apstr\u0101d\u0101t \u0161\u0101dus personas datus:<\/li><\/ol>\n\n\n\n<ul><li>V\u0101rds, uzv\u0101rds<\/li><li>Dzim\u0161anas datums<\/li><li>Kontaktinform\u0101cija (e-pasta adrese un\/vai t\u0101lru\u0146a numurs)<\/li><li>Dar\u012bjuma dati (ieg\u0101d\u0101t\u0101s preces, pieg\u0101des adrese, cena, maks\u0101juma inform\u0101cija u.t.t.).<\/li><li>Jebkuru citu inform\u0101ciju, kura iesniegta mums vietnes pied\u0101v\u0101to pakalpojumu un pre\u010du ieg\u0101des laik\u0101 vai sazinoties ar mums.<\/li><\/ul>\n\n\n\n<ol start=\"2\"><li>Papildus iepriek\u0161min\u0113tajam, Datu p\u0101rzinim ir ties\u012bbas p\u0101rbaud\u012bt iesniegto datu precizit\u0101ti, izmantojot publiski pieejamos re\u0123istrus.<\/li><li>Personas datu apstr\u0101des juridiskais pamats ir Visp\u0101r\u012bg\u0101s datu aizsardz\u012bbas regulas 6.panta 1.punkta a), b), c) un f) apak\u0161punkts:<\/li><\/ol>\n\n\n\n<p>a) datu subjekts ir devis piekri\u0161anu savu personas datu apstr\u0101dei vienam vai vair\u0101kiem konkr\u0113tiem nol\u016bkiem;b) apstr\u0101de ir vajadz\u012bga l\u012bguma, kura l\u012bgumsl\u0113dz\u0113ja puse ir datu subjekts, izpildei vai pas\u0101kumu veik\u0161anai p\u0113c datu subjekta piepras\u012bjuma pirms l\u012bguma nosl\u0113g\u0161anas;c) apstr\u0101de ir vajadz\u012bga, lai izpild\u012btu uz p\u0101rzini attiecin\u0101mu juridisku pien\u0101kumu;f) apstr\u0101de ir vajadz\u012bga p\u0101rzi\u0146a vai tre\u0161\u0101s personas le\u0123it\u012bmo intere\u0161u iev\u0113ro\u0161anai, iz\u0146emot, ja datu subjekta intereses vai pamatties\u012bbas un pamatbr\u012bv\u012bbas, kur\u0101m nepiecie\u0161ama personas datu aizsardz\u012bba, ir svar\u012bg\u0101kas par \u0161\u0101d\u0101m interes\u0113m, jo \u012bpa\u0161i, ja datu subjekts ir b\u0113rns.<\/p>\n\n\n\n<p>4. Datu p\u0101rzinis glab\u0101 un apstr\u0101d\u0101 Datu subjekta personas datus, kam\u0113r past\u0101v vismaz viens no zem\u0101k nor\u0101d\u012btajiem krit\u0113rijiem:<\/p>\n\n\n\n<ul><li>Personas dati nepiecie\u0161ami tiem nol\u016bkiem, kam tie sa\u0146emti;<\/li><li>Kam\u0113r \u0101r\u0113jos normat\u012bvajos aktos noteiktaj\u0101 k\u0101rt\u012bb\u0101 Datu p\u0101rzinis un\/vai Datu subjekts var realiz\u0113t savas le\u0123it\u012bm\u0101s intereses, k\u0101 piem\u0113ram, iesniegt iebildumus vai celt vai vest pras\u012bbu ties\u0101;<\/li><li>Kam\u0113r past\u0101v juridisks pien\u0101kums datus glab\u0101t, k\u0101 piem\u0113ram, saska\u0146\u0101 ar Gr\u0101matved\u012bbas likumu;<\/li><li>Kam\u0113r ir sp\u0113k\u0101 Datu subjekta piekri\u0161ana attiec\u012bgajai personas datu apstr\u0101dei, ja nepast\u0101v cits personas datu apstr\u0101des likum\u012bgs pamats.<\/li><\/ul>\n\n\n\n<p>Izbeidzoties \u0161aj\u0101 punkt\u0101 min\u0113tajiem apst\u0101k\u013ciem, izbeidzas ar\u012b Datu subjekta personas datu glab\u0101\u0161anas termi\u0146\u0161 un visi attiec\u012bgie personas dati tiek neatgriezeniski izdz\u0113sti no datoru sist\u0113m\u0101m un elektroniskajiem un\/vai pap\u012bra dokumentiem, kas satur\u0113ju\u0161i attiec\u012bgos personas datus vai ar\u012b \u0161ie dokumenti tiek anonimiz\u0113ti.<\/p>\n\n\n\n<ol start=\"5\"><li>Lai pild\u012btu savas saist\u012bbas pret Jums, Datu p\u0101rzinim ir ties\u012bbas nodot J\u016bsu personas datus sadarb\u012bbas partneriem, datu apstr\u0101d\u0101t\u0101jiem, kas veic nepiecie\u0161amo datu apstr\u0101di m\u016bsu uzdevum\u0101, piem\u0113ram, gr\u0101matve\u017eiem, kurjerdienestiem u.c. Datu apstr\u0101d\u0101t\u0101js ir personas datu p\u0101rzinis. Maks\u0101jumu apstr\u0101di nodro\u0161ina maks\u0101jumu platforma makecommerce.lv, t\u0101p\u0113c m\u016bsu uz\u0146\u0113mums maks\u0101jumu izpildei nepiecie\u0161amos personas datus nodod platformas \u012bpa\u0161niekam Maksekeskus AS.<\/li><\/ol>\n\n\n\n<p>P\u0113c piepras\u012bjuma m\u0113s varam nodot J\u016bsu personas datus valsts un ties\u012bbsarg\u0101jo\u0161aj\u0101m iest\u0101d\u0113m, lai nepiecie\u0161am\u012bbas gad\u012bjum\u0101 aizst\u0101v\u0113tu savas juridisk\u0101s intereses, sast\u0101dot, iesniedzot un aizst\u0101vot juridiskas pras\u012bbas.<\/p>\n\n\n\n<ol start=\"6\"><li>Apstr\u0101d\u0101jot un glab\u0101jot personas datus, Datu p\u0101rzinis \u012bsteno organizatoriskos un tehniskos pas\u0101kumus, lai nodro\u0161in\u0101tu personas datu aizsardz\u012bbu pret nejau\u0161u vai nelikum\u012bgu izn\u012bcin\u0101\u0161anu, main\u012b\u0161anu, izpau\u0161anu un jebk\u0101du citu nelikum\u012bgu apstr\u0101di.<\/li><\/ol>\n\n\n\n<p><strong>Ka atsaukt piekri\u0161anu personas datu izmanto\u0161anai?<\/strong><\/p>\n\n\n\n<p>Lai atsauktu piekri\u0161anu personas datu izmanto\u0161anai ir j\u0101nos\u016bta e \u2013 pasts uz njstudija@gmail.com ar l\u016bgumu p\u0101rtraukt j\u016bsu datu izmanto\u0161anu.<\/p>\n\n\n\n<p><strong>Kontaktinform\u0101cija<\/strong><br>Ja lietot\u0101jam ir radies jaut\u0101jums par s\u012bkdat\u0146u izmanto\u0161anu, vi\u0146\u0161 var sazin\u0101ties ar NATALIJA JANSONE, izmantojot \u0161\u0101du kontaktinform\u0101ciju:<\/p>\n\n\n\n<ul><li>klientu apkalpo\u0161anas t\u0101lrunis +371 28365391<\/li><li>njstudija@gmail.com<\/li><\/ul>\n\n\n\n<p><strong>K\u0100DA VEIDA S\u012aKDATNES M\u0112S IZMANTOJAM?<\/strong><\/p>\n\n\n\n<figure class=\"wp-block-table\"><table><tbody><tr><td><strong>Nosaukums<\/strong><\/td><td><strong>Nol\u016bks<\/strong><\/td><td><strong>Termi\u0146\u0161<\/strong><\/td><\/tr><tr><td>_utma<br>_utmb<br>_utmc<br>_utmt<br>_utmv<br>_utmz<\/td><td>\u0160\u012bs s\u012bkdatnes tiek izmantotas, lai ieg\u016btu statistisku inform\u0101ciju par lietot\u0101ju t\u012bmek\u013ca vietnes apmekl\u0113t\u012bbu.<\/td><td>2 gadi30 min\u016btesl\u012bdz sesijas beig\u0101m10 min\u016btes2 gadi6 m\u0113ne\u0161i<\/td><\/tr><tr><td>_fbp<\/td><td>Izmanto \u201cFacebook.com\u201d, lai pieg\u0101d\u0101tu rekl\u0101mas<\/td><td>3 m\u0113ne\u0161i<\/td><\/tr><tr><td>nm-wishlist-ids<\/td><td>Lai saglab\u0101tu produktus, kurus lietot\u0101js pievienoja v\u0113lmju sarakstam<\/td><td>1 gads<\/td><\/tr><tr><td>wp-wpml_current_language<\/td><td>&nbsp;Lai saglab\u0101tu valodas iestat\u012bjumus<\/td><td>1 diena<\/td><\/tr><\/tbody><\/table><\/figure>\n\n\n\n<p><strong>K\u0101 kontrol\u0113t vai izdz\u0113st s\u012bkdatnes?<\/strong><\/p>\n\n\n\n<p>Ja v\u0113laties, J\u016bs varat s\u012bkdatnes kontrol\u0113t un izdz\u0113st.<\/p>\n\n\n\n<p>Pla\u0161\u0101k lasiet https:\/\/www.aboutcookies.org\/<\/p>\n\n\n\n<p>J\u016bs varat izdz\u0113st visas s\u012bkdatnes, kuras ir J\u016bsu dator\u0101, un liel\u0101ko da\u013cu p\u0101rl\u016bkprogrammu var iestat\u012bt t\u0101, lai tiktu blo\u0137\u0113ta s\u012bkdat\u0146u ievieto\u0161ana dator\u0101. Ta\u010du t\u0101d\u0101 gad\u012bjum\u0101 Jums manu\u0101li b\u016bs j\u0101piel\u0101go iestat\u012bjumi ikreiz, kad apmekl\u0113siet t\u012bmek\u013ca vietni, turkl\u0101t past\u0101v iesp\u0113jam\u012bba, ka da\u017ei pakalpojumi un funkcijas nedarbosies.<\/p>\n\n\n\n<p>Papildu inform\u0101ciju par s\u012bkdatn\u0113m, tostarp par to, k\u0101das s\u012bkdatnes ir iestat\u012btas J\u016bsu dator\u0101 vai mobilaj\u0101 ier\u012bc\u0113 un k\u0101 t\u0101s iesp\u0113jams p\u0101rvald\u012bt vai izdz\u0113st, varat ieg\u016bt t\u012bmek\u013ca vietn\u0113 https:\/\/www.aboutcookies.org\/<\/p>","protected":false},"excerpt":{"rendered":"<p>S\u012bkdat\u0146u izmanto\u0161anas noteikumi NATALIJA JANSONE interneta vietn\u0113 www.natalijajansone.com S\u012bkdat\u0146u izmanto\u0161anas noteikumos NATALIJA JANSONE interneta vietn\u0113 (turpm\u0101k \u2013 dokuments) ir aprakst\u012bta s\u012bkdat\u0146u izmanto\u0161ana NATALIJA JANSONE (SIA NJ Studija, vienot\u0101s re\u0123istr\u0101cijas numurs: 40003399741, PVN maks\u0101t\u0101ja numurs LV40003399741, juridisk\u0101 adrese: J\u0101\u0146a iela 3, R\u012bga, LV-1050, klientu apkalpo\u0161anas t\u0101lrunis&nbsp;+371 28365391; e-pasta adrese:&nbsp;njstudija@gmail.com)&nbsp;un m\u0101jaslap\u0101 www.natalijajansone.com (turpm\u0101k \u2013 NATALIJA JANSONE vietne),&#8230;<\/p>","protected":false},"author":1,"featured_media":0,"parent":0,"menu_order":0,"comment_status":"closed","ping_status":"closed","template":"","meta":{"footnotes":""},"yoast_head":"<!-- This site is optimized with the Yoast SEO plugin v22.1 - https:\/\/yoast.com\/wordpress\/plugins\/seo\/ -->\n<title>S\u012bkdat\u0146u politika - Natalija Jansone<\/title>\n<meta name=\"robots\" content=\"index, follow, max-snippet:-1, max-image-preview:large, max-video-preview:-1\" \/>\n<link rel=\"canonical\" href=\"https:\/\/natajanson.com\/lv\/sikdatnu-politika\/\" \/>\n<meta property=\"og:locale\" content=\"lv_LV\" \/>\n<meta property=\"og:type\" content=\"article\" \/>\n<meta property=\"og:title\" content=\"S\u012bkdat\u0146u politika - Natalija Jansone\" \/>\n<meta property=\"og:description\" content=\"S\u012bkdat\u0146u izmanto\u0161anas noteikumi NATALIJA JANSONE interneta vietn\u0113 www.natalijajansone.com S\u012bkdat\u0146u izmanto\u0161anas noteikumos NATALIJA JANSONE interneta vietn\u0113 (turpm\u0101k \u2013 dokuments) ir aprakst\u012bta s\u012bkdat\u0146u izmanto\u0161ana NATALIJA JANSONE (SIA NJ Studija, vienot\u0101s re\u0123istr\u0101cijas numurs: 40003399741, PVN maks\u0101t\u0101ja numurs LV40003399741, juridisk\u0101 adrese: J\u0101\u0146a iela 3, R\u012bga, LV-1050, klientu apkalpo\u0161anas t\u0101lrunis&nbsp;+371 28365391; e-pasta adrese:&nbsp;njstudija@gmail.com)&nbsp;un m\u0101jaslap\u0101 www.natalijajansone.com (turpm\u0101k \u2013 NATALIJA JANSONE vietne),...\" \/>\n<meta property=\"og:url\" content=\"https:\/\/natajanson.com\/lv\/sikdatnu-politika\/\" \/>\n<meta property=\"og:site_name\" content=\"Natalija Jansone\" \/>\n<meta property=\"article:publisher\" content=\"https:\/\/www.facebook.com\/byNatalijaJansone\" \/>\n<meta property=\"article:modified_time\" content=\"2023-10-26T18:21:05+00:00\" \/>\n<meta property=\"og:image\" content=\"https:\/\/natajanson.com\/wp-content\/uploads\/2025\/07\/logoNJ.jpg\" \/>\n\t<meta property=\"og:image:width\" content=\"374\" \/>\n\t<meta property=\"og:image:height\" content=\"372\" \/>\n\t<meta property=\"og:image:type\" content=\"image\/jpeg\" \/>\n<meta name=\"twitter:card\" content=\"summary_large_image\" \/>\n<meta name=\"twitter:label1\" content=\"Est. reading time\" \/>\n\t<meta name=\"twitter:data1\" content=\"10 min\u016b\u0161u\" \/>\n<!-- \/ Yoast SEO plugin. -->","yoast_head_json":{"title":"S\u012bkdat\u0146u politika - Natalija Jansone","robots":{"index":"index","follow":"follow","max-snippet":"max-snippet:-1","max-image-preview":"max-image-preview:large","max-video-preview":"max-video-preview:-1"},"canonical":"https:\/\/natajanson.com\/lv\/sikdatnu-politika\/","og_locale":"lv_LV","og_type":"article","og_title":"S\u012bkdat\u0146u politika - Natalija Jansone","og_description":"S\u012bkdat\u0146u izmanto\u0161anas noteikumi NATALIJA JANSONE interneta vietn\u0113 www.natalijajansone.com S\u012bkdat\u0146u izmanto\u0161anas noteikumos NATALIJA JANSONE interneta vietn\u0113 (turpm\u0101k \u2013 dokuments) ir aprakst\u012bta s\u012bkdat\u0146u izmanto\u0161ana NATALIJA JANSONE (SIA NJ Studija, vienot\u0101s re\u0123istr\u0101cijas numurs: 40003399741, PVN maks\u0101t\u0101ja numurs LV40003399741, juridisk\u0101 adrese: J\u0101\u0146a iela 3, R\u012bga, LV-1050, klientu apkalpo\u0161anas t\u0101lrunis&nbsp;+371 28365391; e-pasta adrese:&nbsp;njstudija@gmail.com)&nbsp;un m\u0101jaslap\u0101 www.natalijajansone.com (turpm\u0101k \u2013 NATALIJA JANSONE vietne),...","og_url":"https:\/\/natajanson.com\/lv\/sikdatnu-politika\/","og_site_name":"Natalija Jansone","article_publisher":"https:\/\/www.facebook.com\/byNatalijaJansone","article_modified_time":"2023-10-26T18:21:05+00:00","og_image":[{"width":374,"height":372,"url":"https:\/\/natajanson.com\/wp-content\/uploads\/2025\/07\/logoNJ.jpg","type":"image\/jpeg"}],"twitter_card":"summary_large_image","twitter_misc":{"Est. reading time":"10 min\u016b\u0161u"},"schema":{"@context":"https:\/\/schema.org","@graph":[{"@type":"WebPage","@id":"https:\/\/natajanson.com\/sikdatnu-politika\/","url":"https:\/\/natajanson.com\/sikdatnu-politika\/","name":"S\u012bkdat\u0146u politika - Natalija Jansone","isPartOf":{"@id":"https:\/\/natajanson.com\/#website"},"datePublished":"2021-03-07T15:54:09+00:00","dateModified":"2023-10-26T18:21:05+00:00","breadcrumb":{"@id":"https:\/\/natajanson.com\/sikdatnu-politika\/#breadcrumb"},"inLanguage":"lv","potentialAction":[{"@type":"ReadAction","target":["https:\/\/natajanson.com\/sikdatnu-politika\/"]}]},{"@type":"BreadcrumbList","@id":"https:\/\/natajanson.com\/sikdatnu-politika\/#breadcrumb","itemListElement":[{"@type":"ListItem","position":1,"name":"Home","item":"https:\/\/natajanson.com\/"},{"@type":"ListItem","position":2,"name":"S\u012bkdat\u0146u politika"}]},{"@type":"WebSite","@id":"https:\/\/natajanson.com\/#website","url":"https:\/\/natajanson.com\/","name":"natajanson.com","description":"","publisher":{"@id":"https:\/\/natajanson.com\/#organization"},"potentialAction":[{"@type":"SearchAction","target":{"@type":"EntryPoint","urlTemplate":"https:\/\/natajanson.com\/?s={search_term_string}"},"query-input":"required name=search_term_string"}],"inLanguage":"lv"},{"@type":"Organization","@id":"https:\/\/natajanson.com\/#organization","name":"Natalija Jansone","url":"https:\/\/natajanson.com\/","logo":{"@type":"ImageObject","inLanguage":"lv","@id":"https:\/\/natajanson.com\/#\/schema\/logo\/image\/","url":"https:\/\/natajanson.com\/wp-content\/uploads\/2025\/07\/logoNJ.jpg","contentUrl":"https:\/\/natajanson.com\/wp-content\/uploads\/2025\/07\/logoNJ.jpg","width":374,"height":372,"caption":"Natalija Jansone"},"image":{"@id":"https:\/\/natajanson.com\/#\/schema\/logo\/image\/"},"sameAs":["https:\/\/www.facebook.com\/byNatalijaJansone","https:\/\/www.instagram.com\/natajanson\/","https:\/\/www.pinterest.com\/njstudija0023"]}]}},"_links":{"self":[{"href":"https:\/\/natajanson.com\/lv\/wp-json\/wp\/v2\/pages\/15361"}],"collection":[{"href":"https:\/\/natajanson.com\/lv\/wp-json\/wp\/v2\/pages"}],"about":[{"href":"https:\/\/natajanson.com\/lv\/wp-json\/wp\/v2\/types\/page"}],"author":[{"embeddable":true,"href":"https:\/\/natajanson.com\/lv\/wp-json\/wp\/v2\/users\/1"}],"replies":[{"embeddable":true,"href":"https:\/\/natajanson.com\/lv\/wp-json\/wp\/v2\/comments?post=15361"}],"version-history":[{"count":0,"href":"https:\/\/natajanson.com\/lv\/wp-json\/wp\/v2\/pages\/15361\/revisions"}],"wp:attachment":[{"href":"https:\/\/natajanson.com\/lv\/wp-json\/wp\/v2\/media?parent=15361"}],"curies":[{"name":"wp","href":"https:\/\/api.w.org\/{rel}","templated":true}]}}