{"id":15363,"date":"2021-03-07T15:54:52","date_gmt":"2021-03-07T15:54:52","guid":{"rendered":"https:\/\/natajanson.com\/?page_id=15363"},"modified":"2023-10-26T18:21:04","modified_gmt":"2023-10-26T18:21:04","slug":"noteikumi-un-nosacijumi","status":"publish","type":"page","link":"https:\/\/natajanson.com\/lv\/noteikumi-un-nosacijumi\/","title":{"rendered":"Noteikumi un nosac\u012bjumi"},"content":{"rendered":"<h2 class=\"wp-block-heading\">VISP\u0100R\u0112J\u0100S VIENO\u0160AN\u0100S NOTEIKUMI UN NOSAC\u012aJUMI<\/h2>\n\n\n\n<h5 class=\"wp-block-heading\">1. PAR MUMS:<\/h5>\n\n\n\n<p>SIA NJ Studija, re\u0123istr\u0113ta Latvijas Republik\u0101 ar Nr.: 40003399741, PVN re\u0123. Nr.: LV40003399741, juridisk\u0101 adrese: J\u0101\u0146a iela 3, R\u012bga, LV-1050, banka: AS &#8220;SEB banka&#8221;, UNLALV2X, konts: LV59UNLA0002016469111, (t\u0101l\u0101k tekst\u0101 \u2013 P\u0101rdev\u0113js).<\/p>\n\n\n\n<h5 class=\"wp-block-heading\">2. SAIST\u012aBAS:<\/h5>\n\n\n\n<p>Iepirk\u0161an\u0101s k\u0101rt\u012bbu interneta veikal\u0101 www.natalijajansone.com nosaka LR 2002. gada 28. maija LR Ministru kabineta noteikumi Nr. 207 \u201cNoteikumi par distances l\u012bgumu\u201d.<\/p>\n\n\n\n<h5 class=\"wp-block-heading\">2.1. ATTEIKUMA TIES\u012aBAS<\/h5>\n\n\n\n<p>Atteikuma ties\u012bbas ir ties\u012bbas jums noteikt\u0101 termi\u0146\u0101 vienpus\u0113ji atk\u0101pties no distances l\u012bguma (atteikt pas\u016bt\u012bjumu), nemaks\u0101jot l\u012bgumsodu, procentus vai zaud\u0113juma atl\u012bdz\u012bbu. J\u016bs var izmantot atteikuma ties\u012bbas un vienpus\u0113ji atk\u0101pties no l\u012bguma&nbsp;14 (\u010detrpadsmit)&nbsp;kalend\u0101ro dienu laik\u0101. Atteikuma ties\u012bbu izmanto\u0161anas termi\u0146u skaita no dienas, kad esat sa\u0146\u0113mis preci vai preces (pre\u010du) da\u013cu. Jums ir ties\u012bbas atk\u0101pties no l\u012bguma 14 kalend\u0101ro dienu laik\u0101 un atgriezt preci P\u0101rdev\u0113jam. Preces atgrie\u0161anas gad\u012bjum\u0101 visa par preci veikt\u0101 samaksa tiek atgriezta.<\/p>\n\n\n\n<p>Atteikuma nos\u016bt\u012b\u0161ana noteikt\u0101 14 dienu termi\u0146\u0101 no preces sa\u0146em\u0161anas dienas izbeidz l\u012bgumu un atbr\u012bvo j\u016bs no jebkur\u0101m l\u012bgumsaist\u012bb\u0101m, iz\u0146emot maksas, kas saist\u012btas ar pre\u010du vai lietas atdo\u0161anu atpaka\u013c ra\u017eot\u0101jam, P\u0101rdev\u0113jam vai pakalpojuma sniedz\u0113jam. Ja j\u016bs izmantojat atteikuma ties\u012bbas 14 dienu laik\u0101 atgriezt preci, J\u016bs sedzat visus ar pieg\u0101di saist\u012btos izdevumus.&nbsp; Pre\u010du cenas nor\u0101d\u012btas EUR, taj\u0101 skait\u0101 ar iek\u013cautu PVN 21%.<\/p>\n\n\n\n<p>J\u016bs, izmantojot \u0161ajos noteikumos min\u0113t\u0101s atteikuma ties\u012bbas, esat atbild\u012bgs par preces v\u0113rt\u012bbas jebk\u0101da veida samazin\u0101\u0161anos, k\u0101 ar\u012b par preces kvalit\u0101tes un dro\u0161uma saglab\u0101\u0161anu atteikuma ties\u012bbu realiz\u0113\u0161anas termi\u0146\u0101. P\u0101rdev\u0113js ir ties\u012bgs neatmaks\u0101t jums t\u0101 samaks\u0101to naudas summu par preci, kam\u0113r j\u016bs neesat preci atgriezis vai P\u0101rdev\u0113js sa\u0146emot preci konstat\u0113, ka t\u0101 ir lietota vai nav 100% p\u0101rdo\u0161anas st\u0101vokl\u012b un izskat\u0101, ori\u0123in\u0101l\u0101 iepakojum\u0101 ar visiem ori\u0123in\u0101liem dokumentiem (ja t\u0101di bija precei pievienoti). J\u016bs esat atbild\u012bgs par boj\u0101jumiem precei, kas radu\u0161ies preces atpaka\u013catdo\u0161anas laik\u0101. Prece ir j\u0101atgrie\u017e piln\u0101 t\u0101s komplekt\u0101cij\u0101 un ori\u0123in\u0101laj\u0101 iepakojum\u0101, k\u0101 ar\u012b bez vizu\u0101liem boj\u0101jumiem (skr\u0101p\u0113jumi, boj\u0101ts iepakojums u.c.) \u2013 pret\u0113j\u0101 gad\u012bjum\u0101 P\u0101rdev\u0113jam ir ties\u012bbas preci atpaka\u013c nepie\u0146emt. Uzs\u0101kot ieg\u0101d\u0101t\u0101s preces lieto\u0161anu, j\u016bs apliecinat, ka t\u0101 atbilst pas\u016bt\u012btajai un vairs nevar tikt atgriezta. Pre\u010du aprakstiem un att\u0113liem ir informat\u012bva noz\u012bme.<\/p>\n\n\n\n<p>J\u016bsu pien\u0101kums ir 7 (septi\u0146u) dienu laik\u0101 p\u0113c rakstveida atteikuma nos\u016bt\u012b\u0161anas atdot preci (ja prece ir sa\u0146emta). P\u0101rdev\u0113ja pien\u0101kums ir nekav\u0113joties, bet ne v\u0113l\u0101k k\u0101 30 dienu laik\u0101 no pirc\u0113ja rakstveida atteikuma sa\u0146em\u0161anas dienas, atmaks\u0101t jums to naudas summu, kura par preci samaks\u0101ta l\u012bdz l\u012bguma izbeig\u0161anas br\u012bdim.<\/p>\n\n\n\n<p>J\u016bsu pien\u0101kums ir 7 (septi\u0146u) dienu laik\u0101 p\u0113c atteikuma nos\u016bt\u012b\u0161anas (<a href=\"https:\/\/riija.lv\/pirkuma_atteikuma_iesniegums_veidlapa_riija\/\" target=\"_blank\" rel=\"noreferrer noopener\">atteikuma veidlapa \u0161eit<\/a>) nog\u0101d\u0101t preci p\u0101rdev\u0113jam uz juridisko adresi: J\u0101\u0146a iela 3, R\u012bga, LV-1050, NJ Studija (ieeja no J\u0101\u0146a iela 3). P\u0101rdev\u0113ja pien\u0101kums ir nekav\u0113joties, bet ne v\u0113l\u0101k k\u0101 30 dienu laik\u0101 no pirc\u0113ja atteikuma veidlapas sa\u0146em\u0161anas dienas, atmaks\u0101t jums to naudas summu, kura par preci samaks\u0101ta l\u012bdz l\u012bguma izbeig\u0161anas br\u012bdim.<\/p>\n\n\n\n<p>J\u016bs zaud\u0113jat atteikuma ties\u012bbas, ja esat atv\u0113ris preces iepakojumu, vai ja par atteikuma ties\u012bbu izmanto\u0161anu nav pazi\u0146ots 14 dienu termi\u0146\u0101 no preces sa\u0146em\u0161anas dienas<\/p>\n\n\n\n<h5 class=\"wp-block-heading\">2.2. PRECES ATPAKA\u013b ATDO\u0160ANAS TIES\u012aBAS<\/h5>\n\n\n\n<p>Pre\u010du atpaka\u013catdo\u0161anas noteikumi ietver ties\u012bbu normas, kas izriet no Eiropas Parlamenta un Padomes Direkt\u012bvas&nbsp;97\/7\/EK&nbsp;par pat\u0113r\u0113t\u0101ju aizsardz\u012bbu saist\u012bb\u0101 ar distances l\u012bgumiem, un Latvijas Republikas \u201ePat\u0113r\u0113t\u0101ju ties\u012bbu aizsardz\u012bbas likumu\u201d.<\/p>\n\n\n\n<p>Jums nav pien\u0101kums pie\u0146emt preci, ja t\u0101 ir pieg\u0101d\u0101ta jums neizdarot pas\u016bt\u012bjumu.<\/p>\n\n\n\n<p>Prece neatbilst l\u012bguma noteikumiem, ja t\u0101 neatbilst normat\u012bvajos aktos noteiktaj\u0101m pras\u012bb\u0101m, k\u0101 ar\u012b parasti izvirz\u0101m\u0101m pras\u012bb\u0101m; t\u0101 nav der\u012bga m\u0113r\u0137iem, k\u0101diem t\u0101da pa\u0161a nosaukuma un apraksta preces parasti tiek izmantotas; t\u0101 neatbilst \u012bpa\u0161\u012bb\u0101m vai t\u0101s komplekt\u0101cija neatbilst tai komplekt\u0101cijai, k\u0101das l\u012bguma sl\u0113g\u0161anas vai pied\u0101v\u0101juma izteik\u0161anas laik\u0101 P\u0101rdev\u0113js uzr\u0101d\u012bjis; par to sniegta maldino\u0161a, nepatiesa inform\u0101cija<br>vai t\u0101 nav sniegta visp\u0101r un t\u0101p\u0113c preci nav iesp\u0113jams lietot paredz\u0113tajam nol\u016bkam; t\u0101 ir boj\u0101ta (produkts izk\u013cuvis no tam paredz\u0113t\u0101 iepakojuma, produkta iek\u0161\u0113jais vai \u0101r\u0113jais iepakojums ir ac\u012bmredzami boj\u0101ts).<\/p>\n\n\n\n<p>Ja jums p\u0101rdota vai nodota lieto\u0161an\u0101 l\u012bguma noteikumiem neatbilsto\u0161a prece, j\u016bs esat ties\u012bgs piepras\u012bt P\u0101rdev\u0113jam, nos\u016btot e-pastu uz njstudija@gmail.com , veikt vienu no \u0161\u0101d\u0101m darb\u012bb\u0101m: apmain\u012bt preci pret t\u0101du pa\u0161u vai ekvivalentu preci, ar kuru b\u016btu nodro\u0161in\u0101ta atbilst\u012bba l\u012bguma noteikumiem; atcelt l\u012bgumu un atmaks\u0101t par preci samaks\u0101to naudas summu.<\/p>\n\n\n\n<p>Prece apmain\u0101ma vai t\u0101s neatbilst\u012bba l\u012bguma noteikumiem nov\u0113r\u0161ama bez atl\u012bdz\u012bbas (taj\u0101 skait\u0101 bez preces nos\u016bt\u012b\u0161anas un citu izmaksu atl\u012bdzin\u0101\u0161anas) un sapr\u0101t\u012bg\u0101 termi\u0146\u0101, neradot ne\u0113rt\u012bbas jums.<\/p>\n\n\n\n<p>Ja preces neatbilst\u012bba l\u012bguma noteikumiem ir maznoz\u012bm\u012bga un nevar b\u016btiski ietekm\u0113t j\u016bsu iesp\u0113jas izmantot preci, j\u016bs nevarat pras\u012bt, lai P\u0101rdev\u0113js atce\u013c l\u012bgumu un atmaks\u0101 par preci samaks\u0101to naudas summu. Ja P\u0101rd\u0113v\u0113js nevar izpild\u012bt l\u012bgumu t\u0101d\u0113\u013c, ka pas\u016bt\u012bt\u0101s preces nav pieejamas, vi\u0146\u0161 par to inform\u0113s j\u016bs un atmaks\u0101s jums visu veikto iemaksu ne v\u0113l\u0101k k\u0101 30 kalend\u0101ra dienu laik\u0101 no dienas, kad P\u0101rdev\u0113js sa\u0146\u0113mis j\u016bsu pas\u016bt\u012bjumu.<\/p>\n\n\n\n<h5 class=\"wp-block-heading\">3. PRIV\u0100TUMS:<\/h5>\n\n\n\n<p>Interneta vietnes datu apstr\u0101di veic SIA NJ Studija. Personas datu apstr\u0101des m\u0113r\u0137is ir nodro\u0161in\u0101t klientu re\u0123istr\u0101ciju, autoriz\u0101ciju, tirdzniec\u012bbas un pieg\u0101des pakalpojumu snieg\u0161anu un piepras\u012bt\u0101s inform\u0101cijas izs\u016bt\u012b\u0161anu. Personas datu apstr\u0101de tiek veikta, pamatojoties uz Fizisko personu datu aizsardz\u012bbas likuma 7. panta 1. punktu un saska\u0146\u0101 ar Eiropas Parlamenta un Padomes Direkt\u012bvu&nbsp;95\/46\/EK&nbsp;par personu aizsardz\u012bbu attiec\u012bb\u0101 uz personas datu apstr\u0101di un \u0161\u0101du datu br\u012bvu apriti.<\/p>\n\n\n\n<p>SIA NJ Studija pien\u0101kums ir likum\u0101 noteiktajos gad\u012bjumos izpaust personas datus valsts un pa\u0161vald\u012bbu amatperson\u0101m, k\u0101 ar\u012b atkl\u0101t klienta person\u012bgo inform\u0101ciju, kad to pieprasa likums. SIA NJ Studija veic visus iesp\u0113jamos pas\u0101kumus person\u012bg\u0101s inform\u0101cijas dro\u0161\u012bbai, lai aizsarg\u0101tu to pret z\u0101dz\u012bbu, pazu\u0161anu, \u013caunpr\u0101t\u012bgu izmanto\u0161anu, k\u0101 ar\u012b pret nesankcion\u0113tu pieeju, atkl\u0101\u0161anu, p\u0101rveido\u0161anu un boj\u0101\u0161anu. Ja klientam, kur\u0161 pas\u016bt\u012bjis un ieg\u0101d\u0101jies produktu interneta veikal\u0101 www.natalijajansone.com, nav ties\u012bbsp\u0113jas un vai r\u012bc\u012bbsp\u0113jas, par produkta pas\u016bt\u012bjumu un samaksu ir atbild\u012bgs \u0161\u012bs personas likum\u012bgais p\u0101rst\u0101vis (piem., vec\u0101ki, aizg\u0101d\u0146i). Iepriek\u0161min\u0113taj\u0101 gad\u012bjum\u0101, pas\u016bt\u012bjums nav atsaucams, k\u0101 ar\u012b veikt\u0101 pirkuma maksa nav atmaks\u0101jama. J\u016bs, k\u0101 klients piekr\u012btat personas datu apstr\u0101dei.<\/p>\n\n\n\n<h5 class=\"wp-block-heading\">4. PIEG\u0100DES NOTEIKUMI:<\/h5>\n\n\n\n<p>Pas\u016bt\u012bjums tiks pieg\u0101d\u0101ts saska\u0146\u0101 ar pas\u016bt\u012bjum\u0101 nor\u0101d\u012bto inform\u0101ciju. Pre\u010du pieg\u0101des izmaksas ir atkar\u012bgas no pre\u010du pieg\u0101des veida un pieg\u0101des adreses. Pieg\u0101de ar Express Pastu R\u012bgas pils\u0113tas teritorij\u0101 maks\u0101 5 EUR. Pirkumiem virs 120 EUR pieg\u0101de vis\u0101 Latvijas teritorij\u0101 bez maksas. Pas\u016bt\u012bjumu iesp\u0113jams sa\u0146emt ar\u012b SIA NJ Studij\u0101 (R\u012bg\u0101, J\u0101\u0146a iela 3) bez maksas 1-4 darba dienu laik\u0101. Latvijas teritorij\u0101 s\u016bt\u012bjums tiks pieg\u0101d\u0101ts 2-4 darba dienu laik\u0101. Eiropas Savien\u012bbas valstu robe\u017e\u0101s 4-7 darba dienu laik\u0101. \u0100rpus Eiropas Savien\u012bbas teritorijas 2-4 ned\u0113\u013cu laik\u0101. Jautajumus, kas saist\u012bti ar pas\u016btijumu piegadi, l\u016bdzam s\u016bt\u012bt uz e-pastu:\u00a0njstudija@gmail.com\u00a0un m\u0113s cent\u012bsimies atbild\u0113t pec iesp\u0113jas \u0101tr\u0101k, bet, v\u0113lakais, 2 darba dienu laik\u0101.<\/p>\n\n\n\n<h5 class=\"wp-block-heading\">5. MAKS\u0100JUMU K\u0100RT\u012aBA:<\/h5>\n\n\n\n<p>P\u0113c pas\u016bt\u012bjuma veik\u0161anas uz j\u016bsu nor\u0101d\u012bto e-pasta adresi tiks nos\u016bt\u012bts r\u0113\u0137ins, kuru ieteicams apmaks\u0101t 2 darba dienu laik\u0101. M\u0113s pied\u0101v\u0101jam nor\u0113\u0137inus ar VISA un MASTERCARD nor\u0113\u0137inu kart\u0113m, k\u0101 ar\u012b iesp\u0113ju nor\u0113\u0137in\u0101ties ar vienu no pasaules popul\u0101r\u0101kaj\u0101m un dro\u0161\u0101kaj\u0101m elektronisko maks\u0101jumu sist\u0113m\u0101m PayPal. S\u012bk\u0101ku inform\u0101ciju par PayPal var mekl\u0113t \u0161eit: www.paypal.com. Pieejami ar\u012b nor\u0113\u0137ini ar interneta banku starpniec\u012bbu.<\/p>\n\n\n\n<h5 class=\"wp-block-heading\">6. AUTORTIES\u012aBAS:<\/h5>\n\n\n\n<p>Visa tekstu\u0101l\u0101 inform\u0101cija un grafiskie att\u0113li, kuri atrodas m\u0101jas lap\u0101 www.natalijajansone.com , ir P\u0101rdev\u0113ja (SIA NJ Studija) vai\/un t\u0101s pieg\u0101d\u0101t\u0101ju \u012bpa\u0161ums.<br>M\u0101jas lap\u0101 www.natalijajansone.com eso\u0161o materi\u0101lu p\u0101rpublic\u0113\u0161ana, jebk\u0101da veida att\u0113lo\u0161ana, izplat\u012b\u0161ana, tai skait\u0101 ar\u012b tulkot\u0101 variant\u0101, ir pie\u013caujama tikai ar P\u0101rdev\u0113ja (SIA NJ Studija) rakstisku at\u013cauju. Inform\u0101cijas p\u0101rpublic\u0113\u0161anas gad\u012bjum\u0101 l\u016bdzam sazin\u0101ties ar mums rakstot uz e-pastu: njstudija@gmail.com<\/p>\n\n\n\n<h5 class=\"wp-block-heading\">7. STR\u012aDU IZ\u0160\u0136IR\u0160ANA<\/h5>\n\n\n\n<p>Ja saist\u012bb\u0101 ar nosl\u0113gto distances l\u012bgumu un m\u0101jas lapas www.natalijajansone.com rodas str\u012bds, visas \u0161ajos noteikumos un nosac\u012bjumos paredz\u0113t\u0101s ties\u012bbas un pien\u0101kumus, k\u0101 ar\u012b visas darb\u012bbas to ietvaros regul\u0113 Latvijas Republikas likumi t\u0101d\u0101 apm\u0113r\u0101, it k\u0101 \u0161ie noteikumi un nosac\u012bjumi b\u016btu Latvij\u0101 piln\u012bb\u0101 nosl\u0113gts un piln\u012bb\u0101 pild\u012bts l\u012bgums. Puses ar \u0161o apliecina, ka visus str\u012bdus, kas jebk\u0101d\u0101 veid\u0101 attiecas uz m\u0101jas lapas\u00a0<a href=\"http:\/\/www.natalijajasnone.com\/\" data-type=\"URL\" data-id=\"http:\/\/www.natalijajasnone.com\/\">www.natalijajasnone.com<\/a>\u00a0apmekl\u0113jumu, vai rodas saist\u012bb\u0101 ar \u0161\u012b distances l\u012bguma izpildi, skaidrojumu vai t\u0101 darb\u012bbas izbeig\u0161anu, t\u0101s cent\u012bsies atrisin\u0101t savstarp\u0113j\u0101s p\u0101rrun\u0101s. Ja puses nesp\u0113j iz\u0161\u0137irt radu\u0161os str\u012bdu mierm\u012bl\u012bg\u0101s p\u0101rrun\u0101s, t\u0101s nodod visus str\u012bdus, domstarp\u012bbas vai pretenzijas izskat\u012b\u0161anai k\u0101d\u0101 no Latvijas Republikas ties\u0101m. Ja starp pus\u0113m rodas str\u012bds par to, vai nosl\u0113gtaj\u0101 l\u012bgum\u0101 ietvertie noteikumi ir netaisn\u012bgi, jebkurai no l\u012bgumsl\u0113dz\u0113j\u0101m pus\u0113m ir ties\u012bbas v\u0113rsties \u0161aj\u0101 punkt\u0101 noteiktaj\u0101 ties\u0101, bet jums ir ties\u012bbas v\u0113rsties ar\u012b Pat\u0113r\u0113t\u0101ju ties\u012bbu aizsardz\u012bbas centr\u0101. Ja starp pus\u0113m rodas str\u012bds par fizisko personu datu aizsardz\u012bbas jaut\u0101jumiem, jebkurai no l\u012bgumsl\u0113dz\u0113j\u0101m pus\u0113m ir ties\u012bbas v\u0113rsties \u0161aj\u0101 punkt\u0101 noteiktaj\u0101 ties\u0101, bet jums ir ties\u012bbas v\u0113rsties ar\u012b Datu valsts inspekcij\u0101.<\/p>\n\n\n\n<h5 class=\"wp-block-heading\">8. APMAKSAS NOTEIKUMI<\/h5>\n\n\n\n<p>Nor\u0113\u0137inu val\u016bta vietn\u0113 ir eiro. Pirkumu iesp\u0113jams apmaks\u0101t izv\u0113loties sekojo\u0161as maks\u0101jumu metodes, ko nodro\u0161ina maks\u0101jumu platforma makecommerce.lv , Maksekeskus AS:<\/p>\n\n\n\n<p>SIA NJ Studija izmanto sekojo\u0161as maks\u0101jumu metodes:<\/p>\n\n\n\n<p>Latvijas internetbanku maks\u0101jumi: Swedbank, SEB, Citadele un Luminor<br>Igaunijas internetbanku maks\u0101jumi: Swedbank, SEB, Luminor<br>Lietuvas internetbanku maks\u0101jumi: Swedbank, SEB un Luminor<br>Somijas internetbanku maks\u0101jumi: Aktia, \u00c5landsbanken, Danske, Handelsbanken, Nordea, Oma S\u00e4\u00e4stopankki, Pohjola, POP Pankki, S-Pankki, S\u00e4\u00e4stopankki<br>Visa\/Mastercard kar\u0161u maks\u0101jumi<br>NB! Izmantojot internetbanku apmaksas metodi, apstipriniet pas\u016bt\u012bjumu un noklik\u0161\u0137iniet uz pogas \u201cAtgriezties pie tirgot\u0101ja\u201d.<\/p>\n\n\n\n<p>Personas dati, kas nepiecie\u0161ami maks\u0101jumu veik\u0161anai, tiek nodoti licenc\u0113tai maks\u0101jumu iest\u0101dei Maksekeskus AS.<\/p>\n\n\n\n<p>L\u012bgums st\u0101jas sp\u0113k\u0101 l\u012bdz ar veiksm\u012bgu maks\u0101jumu uz internetveikala bankas kontu. Ja k\u0101du iemeslu d\u0113\u013c pas\u016bt\u012bjumu izpild\u012bt neb\u016bs iesp\u0113jams, Pirc\u0113js par to tiks inform\u0113ts un samaks\u0101t\u0101 summa tiks atmaks\u0101ta p\u0113c iesp\u0113jas \u0101tr\u0101k, bet ne v\u0113l\u0101k k\u0101 14 dienu laik\u0101 p\u0113c pazi\u0146ojuma sa\u0146em\u0161anas.<\/p>\n\n\n\n<h5 class=\"wp-block-heading\">9. CITI NOTEIKUMI<\/h5>\n\n\n\n<p>Ar pirkuma izdar\u012b\u0161anas br\u012bdi izmantojot m\u0101jas lapu www.natalijajansone.com, j\u016bs apliecin\u0101t, ka piekr\u012btat \u0161iem noteikumiem un nosac\u012bjumiem, tai skait\u0101 j\u016bs piekr\u012btat, ka \u0161ie noteikumi un nosac\u012bjumi veido visu starp P\u0101rdev\u0113ju un jums nosl\u0113gto aktu\u0101lo vieno\u0161anos attiec\u012bb\u0101 uz m\u0101jas lapas&nbsp;<a href=\"https:\/\/natajanson.com\/lv\/\" data-type=\"URL\" data-id=\"https:\/\/natajanson.com\/\">www.natalijajansone.com<\/a>&nbsp;un t\u0101s satura lieto\u0161anu no j\u016bsu puses.<br>P\u0101rdev\u0113jam ir ties\u012bbas jebkur\u0101 laik\u0101 labot un preciz\u0113t \u0161os noteikumus, public\u0113jot attiec\u012bg\u0101s izmai\u0146as m\u0101jas lap\u0101 un nor\u0101dot p\u0113d\u0113jo izmai\u0146u veik\u0161anas datumu. Jebkuras \u0161ajos noteikumos un nosac\u012bjumos veikt\u0101s izmai\u0146as st\u0101jas sp\u0113k\u0101 uzreiz p\u0113c to public\u0113\u0161anas. J\u016bs piekr\u012btat, ka, turpinot lietot m\u0101jas lapu p\u0113c \u0161\u0101du izmai\u0146u veik\u0161anas, j\u016bs ar to apliecin\u0101t savu piekri\u0161anu vis\u0101m izmai\u0146\u0101m.<\/p>","protected":false},"excerpt":{"rendered":"<p>VISP\u0100R\u0112J\u0100S VIENO\u0160AN\u0100S NOTEIKUMI UN NOSAC\u012aJUMI 1. PAR MUMS: SIA NJ Studija, re\u0123istr\u0113ta Latvijas Republik\u0101 ar Nr.: 40003399741, PVN re\u0123. Nr.: LV40003399741, juridisk\u0101 adrese: J\u0101\u0146a iela 3, R\u012bga, LV-1050, banka: AS &#8220;SEB banka&#8221;, UNLALV2X, konts: LV59UNLA0002016469111, (t\u0101l\u0101k tekst\u0101 \u2013 P\u0101rdev\u0113js). 2. SAIST\u012aBAS: Iepirk\u0161an\u0101s k\u0101rt\u012bbu interneta veikal\u0101 www.natalijajansone.com nosaka LR 2002. gada 28. maija LR Ministru kabineta&#8230;<\/p>","protected":false},"author":1,"featured_media":0,"parent":0,"menu_order":0,"comment_status":"closed","ping_status":"closed","template":"","meta":{"footnotes":""},"yoast_head":"<!-- This site is optimized with the Yoast SEO plugin v22.1 - https:\/\/yoast.com\/wordpress\/plugins\/seo\/ -->\n<title>Noteikumi un nosac\u012bjumi - Natalija Jansone<\/title>\n<meta name=\"robots\" content=\"index, follow, max-snippet:-1, max-image-preview:large, max-video-preview:-1\" \/>\n<link rel=\"canonical\" href=\"https:\/\/natajanson.com\/lv\/noteikumi-un-nosacijumi\/\" \/>\n<meta property=\"og:locale\" content=\"lv_LV\" \/>\n<meta property=\"og:type\" content=\"article\" \/>\n<meta property=\"og:title\" content=\"Noteikumi un nosac\u012bjumi - Natalija Jansone\" \/>\n<meta property=\"og:description\" content=\"VISP\u0100R\u0112J\u0100S VIENO\u0160AN\u0100S NOTEIKUMI UN NOSAC\u012aJUMI 1. PAR MUMS: SIA NJ Studija, re\u0123istr\u0113ta Latvijas Republik\u0101 ar Nr.: 40003399741, PVN re\u0123. Nr.: LV40003399741, juridisk\u0101 adrese: J\u0101\u0146a iela 3, R\u012bga, LV-1050, banka: AS &#8220;SEB banka&#8221;, UNLALV2X, konts: LV59UNLA0002016469111, (t\u0101l\u0101k tekst\u0101 \u2013 P\u0101rdev\u0113js). 2. SAIST\u012aBAS: Iepirk\u0161an\u0101s k\u0101rt\u012bbu interneta veikal\u0101 www.natalijajansone.com nosaka LR 2002. gada 28. maija LR Ministru kabineta...\" \/>\n<meta property=\"og:url\" content=\"https:\/\/natajanson.com\/lv\/noteikumi-un-nosacijumi\/\" \/>\n<meta property=\"og:site_name\" content=\"Natalija Jansone\" \/>\n<meta property=\"article:publisher\" content=\"https:\/\/www.facebook.com\/byNatalijaJansone\" \/>\n<meta property=\"article:modified_time\" content=\"2023-10-26T18:21:04+00:00\" \/>\n<meta property=\"og:image\" content=\"https:\/\/natajanson.com\/wp-content\/uploads\/2025\/07\/logoNJ.jpg\" \/>\n\t<meta property=\"og:image:width\" content=\"374\" \/>\n\t<meta property=\"og:image:height\" content=\"372\" \/>\n\t<meta property=\"og:image:type\" content=\"image\/jpeg\" \/>\n<meta name=\"twitter:card\" content=\"summary_large_image\" \/>\n<meta name=\"twitter:label1\" content=\"Est. reading time\" \/>\n\t<meta name=\"twitter:data1\" content=\"11 min\u016b\u0161u\" \/>\n<!-- \/ Yoast SEO plugin. -->","yoast_head_json":{"title":"Noteikumi un nosac\u012bjumi - Natalija Jansone","robots":{"index":"index","follow":"follow","max-snippet":"max-snippet:-1","max-image-preview":"max-image-preview:large","max-video-preview":"max-video-preview:-1"},"canonical":"https:\/\/natajanson.com\/lv\/noteikumi-un-nosacijumi\/","og_locale":"lv_LV","og_type":"article","og_title":"Noteikumi un nosac\u012bjumi - Natalija Jansone","og_description":"VISP\u0100R\u0112J\u0100S VIENO\u0160AN\u0100S NOTEIKUMI UN NOSAC\u012aJUMI 1. PAR MUMS: SIA NJ Studija, re\u0123istr\u0113ta Latvijas Republik\u0101 ar Nr.: 40003399741, PVN re\u0123. Nr.: LV40003399741, juridisk\u0101 adrese: J\u0101\u0146a iela 3, R\u012bga, LV-1050, banka: AS &#8220;SEB banka&#8221;, UNLALV2X, konts: LV59UNLA0002016469111, (t\u0101l\u0101k tekst\u0101 \u2013 P\u0101rdev\u0113js). 2. SAIST\u012aBAS: Iepirk\u0161an\u0101s k\u0101rt\u012bbu interneta veikal\u0101 www.natalijajansone.com nosaka LR 2002. gada 28. maija LR Ministru kabineta...","og_url":"https:\/\/natajanson.com\/lv\/noteikumi-un-nosacijumi\/","og_site_name":"Natalija Jansone","article_publisher":"https:\/\/www.facebook.com\/byNatalijaJansone","article_modified_time":"2023-10-26T18:21:04+00:00","og_image":[{"width":374,"height":372,"url":"https:\/\/natajanson.com\/wp-content\/uploads\/2025\/07\/logoNJ.jpg","type":"image\/jpeg"}],"twitter_card":"summary_large_image","twitter_misc":{"Est. reading time":"11 min\u016b\u0161u"},"schema":{"@context":"https:\/\/schema.org","@graph":[{"@type":"WebPage","@id":"https:\/\/natajanson.com\/noteikumi-un-nosacijumi\/","url":"https:\/\/natajanson.com\/noteikumi-un-nosacijumi\/","name":"Noteikumi un nosac\u012bjumi - Natalija Jansone","isPartOf":{"@id":"https:\/\/natajanson.com\/#website"},"datePublished":"2021-03-07T15:54:52+00:00","dateModified":"2023-10-26T18:21:04+00:00","breadcrumb":{"@id":"https:\/\/natajanson.com\/noteikumi-un-nosacijumi\/#breadcrumb"},"inLanguage":"lv","potentialAction":[{"@type":"ReadAction","target":["https:\/\/natajanson.com\/noteikumi-un-nosacijumi\/"]}]},{"@type":"BreadcrumbList","@id":"https:\/\/natajanson.com\/noteikumi-un-nosacijumi\/#breadcrumb","itemListElement":[{"@type":"ListItem","position":1,"name":"Home","item":"https:\/\/natajanson.com\/"},{"@type":"ListItem","position":2,"name":"Noteikumi un nosac\u012bjumi"}]},{"@type":"WebSite","@id":"https:\/\/natajanson.com\/#website","url":"https:\/\/natajanson.com\/","name":"natajanson.com","description":"","publisher":{"@id":"https:\/\/natajanson.com\/#organization"},"potentialAction":[{"@type":"SearchAction","target":{"@type":"EntryPoint","urlTemplate":"https:\/\/natajanson.com\/?s={search_term_string}"},"query-input":"required name=search_term_string"}],"inLanguage":"lv"},{"@type":"Organization","@id":"https:\/\/natajanson.com\/#organization","name":"Natalija Jansone","url":"https:\/\/natajanson.com\/","logo":{"@type":"ImageObject","inLanguage":"lv","@id":"https:\/\/natajanson.com\/#\/schema\/logo\/image\/","url":"https:\/\/natajanson.com\/wp-content\/uploads\/2025\/07\/logoNJ.jpg","contentUrl":"https:\/\/natajanson.com\/wp-content\/uploads\/2025\/07\/logoNJ.jpg","width":374,"height":372,"caption":"Natalija Jansone"},"image":{"@id":"https:\/\/natajanson.com\/#\/schema\/logo\/image\/"},"sameAs":["https:\/\/www.facebook.com\/byNatalijaJansone","https:\/\/www.instagram.com\/natajanson\/","https:\/\/www.pinterest.com\/njstudija0023"]}]}},"_links":{"self":[{"href":"https:\/\/natajanson.com\/lv\/wp-json\/wp\/v2\/pages\/15363"}],"collection":[{"href":"https:\/\/natajanson.com\/lv\/wp-json\/wp\/v2\/pages"}],"about":[{"href":"https:\/\/natajanson.com\/lv\/wp-json\/wp\/v2\/types\/page"}],"author":[{"embeddable":true,"href":"https:\/\/natajanson.com\/lv\/wp-json\/wp\/v2\/users\/1"}],"replies":[{"embeddable":true,"href":"https:\/\/natajanson.com\/lv\/wp-json\/wp\/v2\/comments?post=15363"}],"version-history":[{"count":0,"href":"https:\/\/natajanson.com\/lv\/wp-json\/wp\/v2\/pages\/15363\/revisions"}],"wp:attachment":[{"href":"https:\/\/natajanson.com\/lv\/wp-json\/wp\/v2\/media?parent=15363"}],"curies":[{"name":"wp","href":"https:\/\/api.w.org\/{rel}","templated":true}]}}