{"id":16443,"date":"2022-09-11T16:50:06","date_gmt":"2022-09-11T16:50:06","guid":{"rendered":"https:\/\/natajanson.com\/?page_id=16443"},"modified":"2025-07-30T09:28:45","modified_gmt":"2025-07-30T09:28:45","slug":"made-to-measure-service","status":"publish","type":"page","link":"https:\/\/natajanson.com\/lv\/made-to-measure-service\/","title":{"rendered":"\u0160\u016bts p\u0113c individu\u0101la pas\u016bt\u012bjuma"},"content":{"rendered":"<p><code><div id=\"cmsmasters_row_ca43cc8f08\" class=\"cmsmasters_row cmsmasters_color_scheme_default cmsmasters_row_top_default cmsmasters_row_bot_default cmsmasters_row_boxed\">\n<div class=\"cmsmasters_row_outer_parent\">\n<div class=\"cmsmasters_row_outer\">\n<div class=\"cmsmasters_row_inner\">\n<div class=\"cmsmasters_row_margin\">\n<div class=\"cmsmasters_column one_first\">\n<div class=\"cmsmasters_text\">\n<p><\/code><\/p>\n<h3 data-start=\"161\" data-end=\"184\"><strong data-start=\"165\" data-end=\"184\">\u0160\u016bts p\u0113c individu\u0101la pas\u016bt\u012bjuma<\/strong><\/h3>\n<p data-start=\"186\" data-end=\"557\">Izbaudiet kluso grezn\u012bbu, ko sniedz ap\u0123\u0113rbs, kas rad\u012bts tie\u0161i jums. M\u016bsu <strong data-start=\"260\" data-end=\"279\">\u0160\u016bts p\u0113c individu\u0101la pas\u016bt\u012bjuma<\/strong> pakalpojumi pied\u0101v\u0101 \u012bpa\u0161i personaliz\u0113tu pieeju modei \u2014 katrs ap\u0123\u0113rba gabals tiek r\u016bp\u012bgi un prec\u012bzi darin\u0101ts, piev\u0113r\u0161ot lielu uzman\u012bbu j\u016bsu individu\u0101laj\u0101m proporcij\u0101m, v\u0113lm\u0113m un dz\u012bvesveidam. T\u0101 ir mode, kas rad\u012bta ne tikai j\u016bsu \u0137ermenim, bet ar\u012b j\u016bsu identit\u0101tes atspogu\u013co\u0161anai.<\/p>\n<p data-start=\"559\" data-end=\"957\">Pie <strong data-start=\"562\" data-end=\"582\">Natalija Jansone<\/strong>m\u0113s ticam, ka patiesa elegance sl\u0113pjas vienk\u0101r\u0161\u012bb\u0101 un autentiskum\u0101. M\u016bsu \u0161\u016b\u0161ana p\u0113c individu\u0101la pas\u016bt\u012bjuma pakalpojums \u013cauj jums izv\u0113l\u0113ties k\u0101du no m\u016bsu rakstur\u012bgajiem mode\u013ciem \u2014 ko raksturo minim\u0101listisks dizains, t\u012bras l\u012bnijas un m\u016b\u017e\u012bga izsmalcin\u0101t\u012bba \u2014 un piel\u0101got to tie\u0161i jums. Katrs ap\u0123\u0113rbs k\u013c\u016bst par izsmalcin\u0101tu j\u016bsu person\u012bbas izpausmi, kas veidots, lai uzsv\u0113rtu komfortu, p\u0101rliec\u012bbu un individualit\u0101ti.<\/p>\n<p data-start=\"959\" data-end=\"1416\">Process ir p\u0101rdom\u0101ts un ar sadarb\u012bbu. Atkar\u012bb\u0101 no pas\u016bt\u012bjuma sare\u017e\u0123\u012bt\u012bbas tas parasti aiz\u0146em no <strong data-start=\"1073\" data-end=\"1089\">1 l\u012bdz 3 ned\u0113\u013c\u0101m<\/strong> lai izstr\u0101d\u0101tu individu\u0101li \u0161\u016btu ap\u0123\u0113rbu. J\u016bs varat atnest savu audumu, ja jums jau ir kaut kas \u012bpa\u0161s padom\u0101, vai ar\u012b izv\u0113l\u0113ties no r\u016bp\u012bgi atlas\u012btiem <strong data-start=\"1239\" data-end=\"1260\">kvalitat\u012bviem materi\u0101liem<\/strong> , kuri pieejami m\u016bsu <strong data-start=\"1278\" data-end=\"1289\">atelj\u0113<\/strong> R\u012bg\u0101. Pied\u0101v\u0101jam audumus, tostarp linu, z\u012bdu, viskozi un smalku kokvilnu \u2014 izv\u0113l\u0113tus to kvalit\u0101tes, tekst\u016bras un valk\u0101jam\u012bbas d\u0113\u013c.<\/p>\n<p data-start=\"1418\" data-end=\"1697\">Esat m\u012b\u013ci gaid\u012bti apmekl\u0113t <a href=\"https:\/\/natajanson.com\/lv\/contacts\/\">m\u016bsu studiju<\/a>, kur profesion\u0101li no\u0146emsim j\u016bsu m\u0113rus un person\u012bgi vad\u012bsim j\u016bs cauri dizaina procesam. Tom\u0113r, ja v\u0113laties \u0161o procesu pabeigt att\u0101lin\u0101ti, m\u0113s pied\u0101v\u0101jam viegli izpild\u0101mu <strong data-start=\"1649\" data-end=\"1665\">instrukciju<\/strong> m\u0113ru no\u0146em\u0161anai m\u0101j\u0101s.<\/p>\n<p data-start=\"1699\" data-end=\"1991\">Kad jums b\u016bs pieejami m\u0113ri un skaidra v\u012bzija par to, ko v\u0113laties, lai m\u0113s rad\u0101m, vienk\u0101r\u0161i nos\u016btiet visu nepiecie\u0161amo inform\u0101ciju \u2014 tostarp auduma izv\u0113li, v\u0113lamo dizainu un izm\u0113ru deta\u013cas \u2014 uz <strong data-start=\"1889\" data-end=\"1912\"><a class=\"cursor-pointer\" href=\"mailto:njstudija@gmail.com\" rel=\"noopener\" data-start=\"1891\" data-end=\"1910\">njstudija@gmail.com<\/a><\/strong>. M\u0113s p\u0101rskat\u012bsim visu ies\u016bt\u012bto inform\u0101ciju un sazin\u0101simies ar jums, lai p\u0101rliecin\u0101tos, ka katra deta\u013ca ir perfekta.<\/p>\n<p data-start=\"1993\" data-end=\"2080\" data-is-last-node=\"\" data-is-only-node=\"\">Atkl\u0101jiet ap\u0123\u0113rba skaistumu, kas rad\u012bts tie\u0161i jums \u2014 klusu, p\u0101rliecin\u0101tu un patiesi personisku.<\/p>\n<p data-start=\"1993\" data-end=\"2080\" data-is-last-node=\"\" data-is-only-node=\"\"><img decoding=\"async\" loading=\"lazy\" class=\"alignnone wp-image-19246 size-full\" src=\"https:\/\/natajanson.com\/wp-content\/uploads\/2025\/07\/njmadetomeasure.jpg\" alt=\"Made to Measure instruction\" width=\"612\" height=\"792\" srcset=\"https:\/\/natajanson.com\/wp-content\/uploads\/2025\/07\/njmadetomeasure.jpg 612w, https:\/\/natajanson.com\/wp-content\/uploads\/2025\/07\/njmadetomeasure-232x300.jpg 232w, https:\/\/natajanson.com\/wp-content\/uploads\/2025\/07\/njmadetomeasure-580x751.jpg 580w, https:\/\/natajanson.com\/wp-content\/uploads\/2025\/07\/njmadetomeasure-600x776.jpg 600w\" sizes=\"(max-width: 612px) 100vw, 612px\" \/><\/p>\n<p><!-- \/wp:paragraph --><\/p>\n<\/div>\n<\/div>\n<\/div>\n<\/div>\n<\/div>\n<\/div>\n<\/div>","protected":false},"excerpt":{"rendered":"","protected":false},"author":1,"featured_media":0,"parent":0,"menu_order":0,"comment_status":"closed","ping_status":"closed","template":"","meta":{"footnotes":""},"yoast_head":"<!-- This site is optimized with the Yoast SEO plugin v22.1 - https:\/\/yoast.com\/wordpress\/plugins\/seo\/ -->\n<title>Made to measure - Natalija Jansone Made to Measure service<\/title>\n<meta name=\"description\" content=\"Experience the quiet luxury of clothing designed exclusively for you. Made to Measure service offers a personalized approach to fashion.\" \/>\n<meta name=\"robots\" content=\"index, follow, max-snippet:-1, max-image-preview:large, max-video-preview:-1\" \/>\n<link rel=\"canonical\" href=\"https:\/\/natajanson.com\/lv\/made-to-measure-service\/\" \/>\n<meta property=\"og:locale\" content=\"lv_LV\" \/>\n<meta property=\"og:type\" content=\"article\" \/>\n<meta property=\"og:title\" content=\"Made to measure - Natalija Jansone Made to Measure service\" \/>\n<meta property=\"og:description\" content=\"Experience the quiet luxury of clothing designed exclusively for you. Made to Measure service offers a personalized approach to fashion.\" \/>\n<meta property=\"og:url\" content=\"https:\/\/natajanson.com\/lv\/made-to-measure-service\/\" \/>\n<meta property=\"og:site_name\" content=\"Natalija Jansone\" \/>\n<meta property=\"article:publisher\" content=\"https:\/\/www.facebook.com\/byNatalijaJansone\" \/>\n<meta property=\"article:modified_time\" content=\"2025-07-30T09:28:45+00:00\" \/>\n<meta property=\"og:image\" content=\"https:\/\/natajanson.com\/wp-content\/uploads\/2025\/07\/njmadetomeasure.jpg\" \/>\n<meta name=\"twitter:card\" content=\"summary_large_image\" \/>\n<meta name=\"twitter:label1\" content=\"Est. reading time\" \/>\n\t<meta name=\"twitter:data1\" content=\"2 min\u016btes\" \/>\n<!-- \/ Yoast SEO plugin. -->","yoast_head_json":{"title":"Made to measure - Natalija Jansone Made to Measure service","description":"Experience the quiet luxury of clothing designed exclusively for you. Made to Measure service offers a personalized approach to fashion.","robots":{"index":"index","follow":"follow","max-snippet":"max-snippet:-1","max-image-preview":"max-image-preview:large","max-video-preview":"max-video-preview:-1"},"canonical":"https:\/\/natajanson.com\/lv\/made-to-measure-service\/","og_locale":"lv_LV","og_type":"article","og_title":"Made to measure - Natalija Jansone Made to Measure service","og_description":"Experience the quiet luxury of clothing designed exclusively for you. Made to Measure service offers a personalized approach to fashion.","og_url":"https:\/\/natajanson.com\/lv\/made-to-measure-service\/","og_site_name":"Natalija Jansone","article_publisher":"https:\/\/www.facebook.com\/byNatalijaJansone","article_modified_time":"2025-07-30T09:28:45+00:00","og_image":[{"url":"https:\/\/natajanson.com\/wp-content\/uploads\/2025\/07\/njmadetomeasure.jpg"}],"twitter_card":"summary_large_image","twitter_misc":{"Est. reading time":"2 min\u016btes"},"schema":{"@context":"https:\/\/schema.org","@graph":[{"@type":"WebPage","@id":"https:\/\/natajanson.com\/made-to-measure-service\/","url":"https:\/\/natajanson.com\/made-to-measure-service\/","name":"Made to measure - Natalija Jansone Made to Measure service","isPartOf":{"@id":"https:\/\/natajanson.com\/#website"},"datePublished":"2022-09-11T16:50:06+00:00","dateModified":"2025-07-30T09:28:45+00:00","description":"Experience the quiet luxury of clothing designed exclusively for you. Made to Measure service offers a personalized approach to fashion.","breadcrumb":{"@id":"https:\/\/natajanson.com\/made-to-measure-service\/#breadcrumb"},"inLanguage":"lv","potentialAction":[{"@type":"ReadAction","target":["https:\/\/natajanson.com\/made-to-measure-service\/"]}]},{"@type":"BreadcrumbList","@id":"https:\/\/natajanson.com\/made-to-measure-service\/#breadcrumb","itemListElement":[{"@type":"ListItem","position":1,"name":"Home","item":"https:\/\/natajanson.com\/"},{"@type":"ListItem","position":2,"name":"Made to measure"}]},{"@type":"WebSite","@id":"https:\/\/natajanson.com\/#website","url":"https:\/\/natajanson.com\/","name":"natajanson.com","description":"","publisher":{"@id":"https:\/\/natajanson.com\/#organization"},"potentialAction":[{"@type":"SearchAction","target":{"@type":"EntryPoint","urlTemplate":"https:\/\/natajanson.com\/?s={search_term_string}"},"query-input":"required name=search_term_string"}],"inLanguage":"lv"},{"@type":"Organization","@id":"https:\/\/natajanson.com\/#organization","name":"Natalija Jansone","url":"https:\/\/natajanson.com\/","logo":{"@type":"ImageObject","inLanguage":"lv","@id":"https:\/\/natajanson.com\/#\/schema\/logo\/image\/","url":"https:\/\/natajanson.com\/wp-content\/uploads\/2025\/07\/logoNJ.jpg","contentUrl":"https:\/\/natajanson.com\/wp-content\/uploads\/2025\/07\/logoNJ.jpg","width":374,"height":372,"caption":"Natalija Jansone"},"image":{"@id":"https:\/\/natajanson.com\/#\/schema\/logo\/image\/"},"sameAs":["https:\/\/www.facebook.com\/byNatalijaJansone","https:\/\/www.instagram.com\/natajanson\/","https:\/\/www.pinterest.com\/njstudija0023"]}]}},"_links":{"self":[{"href":"https:\/\/natajanson.com\/lv\/wp-json\/wp\/v2\/pages\/16443"}],"collection":[{"href":"https:\/\/natajanson.com\/lv\/wp-json\/wp\/v2\/pages"}],"about":[{"href":"https:\/\/natajanson.com\/lv\/wp-json\/wp\/v2\/types\/page"}],"author":[{"embeddable":true,"href":"https:\/\/natajanson.com\/lv\/wp-json\/wp\/v2\/users\/1"}],"replies":[{"embeddable":true,"href":"https:\/\/natajanson.com\/lv\/wp-json\/wp\/v2\/comments?post=16443"}],"version-history":[{"count":0,"href":"https:\/\/natajanson.com\/lv\/wp-json\/wp\/v2\/pages\/16443\/revisions"}],"wp:attachment":[{"href":"https:\/\/natajanson.com\/lv\/wp-json\/wp\/v2\/media?parent=16443"}],"curies":[{"name":"wp","href":"https:\/\/api.w.org\/{rel}","templated":true}]}}